{"id":107,"date":"2019-01-05T12:12:25","date_gmt":"2019-01-05T12:12:25","guid":{"rendered":"https:\/\/spielmannszug-bookholt.eu\/?page_id=107"},"modified":"2026-01-30T14:39:54","modified_gmt":"2026-01-30T14:39:54","slug":"in-memoarien","status":"publish","type":"page","link":"https:\/\/spielmannszug-bookholt.eu\/?page_id=107","title":{"rendered":"In Memoarien"},"content":{"rendered":"<p>An dieser Stelle gedenken wir unseren verstorbenen Spielleuten, Ehrenmitgliedern und Sponsoren, G\u00f6nnern und Freunde.<\/p>\n<p>All diese verstorbenen Personen haben Jahrzente lang aktiv im Spielmannszug mit musiziert, sich f\u00fcr die Belange unseres Spielmannszug eingesetzt, sei es durch finanzielle Zuwendungen oder Ehrenamtliche T\u00e4tigkeiten oder als gro\u00dfz\u00fcgiger Sponsor daf\u00fcr gesorgt, damit wir z.B. Instrumente erwerben konnten.<\/p>\n<p>&nbsp;<\/p>\n<p style=\"text-align: left;\"><strong>Ehrenmitglied Hermann M\u00fcller &#8211; Ehrenmitglied Heinrich Kr\u00fcp &#8211; Spielmann Gustav Wolf &#8211;\u00a0 Spielmann Heinz Groothues &#8211; Spielmann Arthur Frantzen &#8211; Spielmann Hans Pingel Ehrenmitglied Artur Hemmer &#8211; Ausbilder Hermann Schoo &#8211; Ehrenmitglied Arnold Groothuis &#8211; Ehrenmitglied Paul Willering &#8211;\u00a0 Spielmann und Gr\u00fcndungsmitglied Artur Olthoff\u00a0 Spielmann und Gr\u00fcndungsmitglied Albert Beernink &#8211; Spielmann Berthold Wolterink &#8211; Spielmann Gerd Meyer &#8211;\u00a0 Spielmann und Gr\u00fcndungsmitglied Fritz Wolf &#8211; Ehrenmitglied Johann Wolf &#8211;\u00a0 Spielmann Johannes Pretzel Spielmann Helmut Lohm\u00f6lder &#8211; Gr\u00fcndungs- und Ehrenmitglied Bernhard Bormes &#8211; Udo Christahl &#8211;\u00a0 Helmut Kr\u00fcp &#8211; Spielmann J\u00f6rg Silcher &#8211; Spielmann G\u00fcnter Geersen &#8211; &#8222;Ehrenmitglied&#8220; und Spielmann Holger Albrecht<\/strong><\/p>\n<p>&nbsp;<\/p>\n<p><img fetchpriority=\"high\" decoding=\"async\" class=\" wp-image-115 aligncenter\" src=\"https:\/\/spielmannszug-bookholt.eu\/wp-content\/uploads\/2019\/01\/IMG_8324-1-300x200.jpg\" alt=\"\" width=\"449\" height=\"299\" srcset=\"https:\/\/spielmannszug-bookholt.eu\/wp-content\/uploads\/2019\/01\/IMG_8324-1-300x200.jpg 300w, https:\/\/spielmannszug-bookholt.eu\/wp-content\/uploads\/2019\/01\/IMG_8324-1-768x512.jpg 768w, https:\/\/spielmannszug-bookholt.eu\/wp-content\/uploads\/2019\/01\/IMG_8324-1-700x467.jpg 700w, https:\/\/spielmannszug-bookholt.eu\/wp-content\/uploads\/2019\/01\/IMG_8324-1-800x533.jpg 800w, https:\/\/spielmannszug-bookholt.eu\/wp-content\/uploads\/2019\/01\/IMG_8324-1.jpg 972w\" sizes=\"(max-width: 449px) 100vw, 449px\" \/><\/p>\n<p style=\"text-align: center;\"><strong>Wir werden unseren verstorbenen Mitgliedern stets ein ehrendes Andenken bewahren und bedanken uns f\u00fcr eine gemeinsame Zeit. Ihr bleibt immer in unseren Herzen.<\/strong><\/p>\n<p>&nbsp;<\/p>\n","protected":false},"excerpt":{"rendered":"<p>An dieser Stelle gedenken wir unseren verstorbenen Spielleuten, Ehrenmitgliedern und Sponsoren, G\u00f6nnern und Freunde. All diese verstorbenen Personen haben Jahrzente lang aktiv im Spielmannszug mit musiziert, sich f\u00fcr die Belange unseres Spielmannszug eingesetzt, sei es durch finanzielle Zuwendungen oder Ehrenamtliche T\u00e4tigkeiten oder als gro\u00dfz\u00fcgiger Sponsor daf\u00fcr gesorgt, damit wir z.B. Instrumente erwerben konnten. &nbsp; Ehrenmitglied Hermann M\u00fcller &#8211; Ehrenmitglied Heinrich Kr\u00fcp &#8211; Spielmann Gustav Wolf &#8211;\u00a0 Spielmann Heinz Groothues &#8211; Spielmann Arthur Frantzen &#8211; Spielmann Hans Pingel Ehrenmitglied Artur Hemmer &#8211; Ausbilder Hermann Schoo &#8211; Ehrenmitglied Arnold Groothuis &#8211; Ehrenmitglied Paul Willering &#8211;\u00a0 Spielmann und Gr\u00fcndungsmitglied Artur Olthoff\u00a0 Spielmann und Gr\u00fcndungsmitglied Albert Beernink &#8211; Spielmann Berthold Wolterink &#8211; Spielmann Gerd Meyer &#8211;\u00a0 Spielmann und Gr\u00fcndungsmitglied Fritz Wolf &#8211; Ehrenmitglied Johann Wolf &#8211;\u00a0 Spielmann Johannes Pretzel Spielmann Helmut Lohm\u00f6lder &#8211; Gr\u00fcndungs- und Ehrenmitglied Bernhard Bormes &#8211; Udo Christahl &#8211;\u00a0 Helmut Kr\u00fcp &#8211; Spielmann J\u00f6rg Silcher &#8211; Spielmann G\u00fcnter Geersen &#8211; &#8222;Ehrenmitglied&#8220; und Spielmann Holger Albrecht &nbsp; Wir werden unseren verstorbenen Mitgliedern stets ein ehrendes Andenken bewahren und bedanken uns f\u00fcr eine gemeinsame Zeit. Ihr bleibt immer in unseren Herzen. &nbsp;<\/p>\n","protected":false},"author":1,"featured_media":0,"parent":0,"menu_order":0,"comment_status":"closed","ping_status":"closed","template":"","meta":{"footnotes":""},"class_list":["post-107","page","type-page","status-publish","hentry"],"_links":{"self":[{"href":"https:\/\/spielmannszug-bookholt.eu\/index.php?rest_route=\/wp\/v2\/pages\/107","targetHints":{"allow":["GET"]}}],"collection":[{"href":"https:\/\/spielmannszug-bookholt.eu\/index.php?rest_route=\/wp\/v2\/pages"}],"about":[{"href":"https:\/\/spielmannszug-bookholt.eu\/index.php?rest_route=\/wp\/v2\/types\/page"}],"author":[{"embeddable":true,"href":"https:\/\/spielmannszug-bookholt.eu\/index.php?rest_route=\/wp\/v2\/users\/1"}],"replies":[{"embeddable":true,"href":"https:\/\/spielmannszug-bookholt.eu\/index.php?rest_route=%2Fwp%2Fv2%2Fcomments&post=107"}],"version-history":[{"count":19,"href":"https:\/\/spielmannszug-bookholt.eu\/index.php?rest_route=\/wp\/v2\/pages\/107\/revisions"}],"predecessor-version":[{"id":5257,"href":"https:\/\/spielmannszug-bookholt.eu\/index.php?rest_route=\/wp\/v2\/pages\/107\/revisions\/5257"}],"wp:attachment":[{"href":"https:\/\/spielmannszug-bookholt.eu\/index.php?rest_route=%2Fwp%2Fv2%2Fmedia&parent=107"}],"curies":[{"name":"wp","href":"https:\/\/api.w.org\/{rel}","templated":true}]}}