{"id":16,"date":"2019-01-05T09:06:44","date_gmt":"2019-01-05T09:06:44","guid":{"rendered":"http:\/\/spielmannszug-bookholt.eu\/?page_id=16"},"modified":"2025-08-09T08:29:50","modified_gmt":"2025-08-09T08:29:50","slug":"impressum-2","status":"publish","type":"page","link":"https:\/\/spielmannszug-bookholt.eu\/?page_id=16","title":{"rendered":"Impressum"},"content":{"rendered":"<p>Impressum<br \/>\nVerantwortlich f\u00fcr diese Seite:<\/p>\n<p>Kontaktdaten:<br \/>\nJoachim Willering<br \/>\nErnastr.2, 48529 Nordhorn Deutschland<br \/>\nTelefon: 0 59 21 \u2013 30 23 074<br \/>\nWebsite: www.spielmannszug-bookholt.eu<br \/>\nEmail: spz-bookholt@online.de<\/p>\n<p>Der Spielmannszug ist eine interne Abteilung des Sch\u00fctzenverein Bookholt von 1910 e.V.<br \/>\nRechtliche Angaben Vertretungsberechtigt:<\/p>\n<p>Gesch\u00e4ftsf\u00fchrender Vorstand des Spielmannszug:<\/p>\n<p>Gesch\u00e4ftsf\u00fchrer:<\/p>\n<p><span style=\"color: #339966;\">Timo Termeer<\/span><\/p>\n<p>Zum Camp 21a<\/p>\n<p>48527 Nordhorn<\/p>\n<p>Tel.: 0 172 &#8211; 99 44 678<\/p>\n<p>E-Mail: timo.termeer@gmail.com<\/p>\n<p>&#8212;&#8212;&#8212;&#8212;&#8212;&#8212;&#8212;&#8212;&#8212;&#8212;&#8212;&#8212;&#8212;-<\/p>\n<p>Stellvertretender Gesch\u00e4ftsf\u00fchrer:<\/p>\n<p><span style=\"color: #339966;\">Thomas Sell<\/span><\/p>\n<p>Schorffeldweg 10<\/p>\n<p>49828 Osterwald<\/p>\n<p>Tel.: 0 176 &#8211; 200 575 95<\/p>\n<p>E-mail: t.sell1980@outlook.de<\/p>\n<p>&#8212;&#8212;&#8212;&#8212;&#8212;&#8212;&#8212;&#8212;&#8212;&#8212;&#8212;&#8212;-<\/p>\n<p>Kassenwart:<\/p>\n<p><span style=\"color: #339966;\"> Mario Termeer<\/span><\/p>\n<p>Deeglelder Weg 99<\/p>\n<p>48531 Nordhorn<\/p>\n<p>Telefon: 0 59 21 3 90 22<\/p>\n<p>&#8212;&#8212;&#8212;&#8212;&#8212;&#8212;&#8212;&#8212;&#8212;&#8212;&#8212;&#8212;&#8212;&#8211;<\/p>\n<p>Schriftf\u00fchrer:<\/p>\n<p>Tom Sell<\/p>\n<p>H\u00fcberskamp 6<\/p>\n<p>E-Mail: tsell3176@gmail.com<\/p>\n<p>&nbsp;<\/p>\n<p>&nbsp;&nbsp;&nbsp;&nbsp;&nbsp;&nbsp;&nbsp;&nbsp;&nbsp;&nbsp;&nbsp;&nbsp;&nbsp;&nbsp;&nbsp;&nbsp;&nbsp;&nbsp;&nbsp;&nbsp;&nbsp;&nbsp;&nbsp;&nbsp;&nbsp;&nbsp;&nbsp;&nbsp;&nbsp;&nbsp;&nbsp;&nbsp;&nbsp;&nbsp;&nbsp;&nbsp;&nbsp;&nbsp;&nbsp;&nbsp;&nbsp;&nbsp;&nbsp;&nbsp;&nbsp;&nbsp;&nbsp;&nbsp;&nbsp;&nbsp;&nbsp;&nbsp;&nbsp;&nbsp;&nbsp;&nbsp;&nbsp;&nbsp;&nbsp;&nbsp;&nbsp;&nbsp;&nbsp;&nbsp;&nbsp;&nbsp;&nbsp;&nbsp;&nbsp;&nbsp;&nbsp;&nbsp;&nbsp;&nbsp;&nbsp;&nbsp;&nbsp;&nbsp;&nbsp;&nbsp;&nbsp;&nbsp;&nbsp;&nbsp;&nbsp;&nbsp;&nbsp;&nbsp;&nbsp;&nbsp;&nbsp;&nbsp;&nbsp;&nbsp;&nbsp;&nbsp;&nbsp;&nbsp;&nbsp;&nbsp;&nbsp;&nbsp;&nbsp;&nbsp;&nbsp;&nbsp;&nbsp;&nbsp;&nbsp;&nbsp;&nbsp;&nbsp;&nbsp;&nbsp;&nbsp;&nbsp;&nbsp;&nbsp;&nbsp;&nbsp;&nbsp;&nbsp;&nbsp;&nbsp;&nbsp;&nbsp;&nbsp;&nbsp;&nbsp;&nbsp;&nbsp;&nbsp;&nbsp;&nbsp;&nbsp;&nbsp;&nbsp;&nbsp;&nbsp;&nbsp;&nbsp;&nbsp;&nbsp;&nbsp;&nbsp;&nbsp;&nbsp;<\/p>\n<p>Joachim Willering (Webmaster)<\/p>\n<p>Registergericht: Amtsgericht Nordhorn Registernummer: 132<\/p>\n<p>Inhaltlich Verantwortlicher gem\u00e4\u00df TMG: Joachim Willering<\/p>\n<p>Bildquellen und -Rechte Spielmannszug Bookholt Spielmannszug Bookholt bei Rechte Dritter, werden diese Dritten an gegebener Stelle angegeben. Weitere Informationen: Allg.<br \/>\nNutzungsbedingungen anzeigen Erkl\u00e4rung zum Datenschutz anzeigen Haftungshinweise<br \/>\n(Disclaimer) anzeigen<\/p>\n<p>Impressum Angaben gem\u00e4\u00df \u00a7 5 TMG:<\/p>\n<p>Spielmannszug Bookholt Ernastra\u00dfe 2 48529 Nordhorn<br \/>\nVertreten durch: Joachim Willering<\/p>\n<p>Quellenangaben f\u00fcr die verwendeten Bilder und Grafiken:<br \/>\nSpielmannszug \/ Sch\u00fctzenverein Bookholt.<\/p>\n<p>Auf dieser Homepage ver\u00f6ffentlichte Fotos und Videos sind vereinsintern erstellt worden. F\u00fcr Fotos und Videos von Dritten wurde zuvor eine Erlaubnis zur Ver\u00f6ffentlichung erteilt.<\/p>\n<p>Spielmannszug Bookholt Haftungsausschluss:<\/p>\n<p>Haftung f\u00fcr Inhalte:<br \/>\nDie Inhalte unserer Seiten wurden mit gr\u00f6\u00dfter Sorgfalt erstellt. F\u00fcr die Richtigkeit, Vollst\u00e4ndigkeit und Aktualit\u00e4t der Inhalte k\u00f6nnen wir jedoch keine Gew\u00e4hr \u00fcbernehmen.<\/p>\n<p>Als Dienstanbieter sind wir gem\u00e4\u00df \u00a7 7 Abs.1 TMG f\u00fcr eigene Inhalte auf diesen Seiten nach den allgemeinen Gesetzen verantwortlich. Nach \u00a7\u00a7 8 bis 10 TMG sind wir als Dienstanbieter jedoch nicht verpflichtet, \u00fcbermittelte oder gespeicherte fremde Informationen zu \u00fcberwachen oder nach Umst\u00e4nden zu forschen, die auf eine rechtswidrige T\u00e4tigkeit hinweisen. Verpflichtungen zur Entfernung oder Sperrung der Nutzung von Informationen nach den allgemeinen Gesetzen bleiben hiervon unber\u00fchrt. Eine diesbez\u00fcgliche Haftung ist jedoch erst ab dem Zeitpunkt der Kenntnis einer konkreten Rechtsverletzung m\u00f6glich. Bei Bekanntwerden von entsprechenden Rechtsverletzungen werden wir diese Inhalte umgehend entfernen.<\/p>\n<p>Haftung f\u00fcr Links:<\/p>\n<p>Unser Angebot enth\u00e4lt Links zu externen Webseiten Dritter, auf deren Inhalte wir keinen Einfluss haben. Deshalb k\u00f6nnen wir f\u00fcr diese fremden Inhalte auch keine Gew\u00e4hr \u00fcbernehmen. F\u00fcr die Inhalte der verlinkten Seiten ist stets der jeweilige Anbieter oder Betreiber der Seiten verantwortlich. Die verlinkten Seiten wurden zum Zeitpunkt der Verlinkung auf m\u00f6gliche Rechtsverst\u00f6\u00dfe \u00fcberpr\u00fcft. Rechtswidrige Inhalte waren zum Zeitpunkt der Verlinkung nicht erkennbar. Eine permanente inhaltliche Kontrolle der verlinkten Seiten ist jedoch ohne konkrete Anhaltspunkte einer Rechtsverletzung nicht zumutbar. Bei Bekanntwerden von Rechtsverletzungen werden wir derartige Links umgehend entfernen.<\/p>\n<p>Urheberrecht:<\/p>\n<p>Die durch die Seitenbetreiber erstellten Inhalte und Werke auf diesen Seiten unterliegen dem<br \/>\ndeutschen Urheberrecht. Die Vervielf\u00e4ltigung, Bearbeitung, Verbreitung und jede Art der<br \/>\nVerwertung au\u00dferhalb der Grenzen des Urheberrechtes bed\u00fcrfen der schriftlichen Zustimmung des jeweiligen Autors bzw. Erstellers. Downloads und Kopien dieser Seite sind nur f\u00fcr den privaten, nicht kommerziellen Gebrauch gestattet.<\/p>\n<p>Soweit die Inhalte auf dieser Seite nicht vom Betreiber erstellt wurden, werden die Urheberrechte Dritter beachtet. Insbesondere werden Inhalte Dritter als solche gekennzeichnet. Sollten Sie trotzdem auf eine Urheberrechtsverletzung aufmerksam werden, bitten wir um einen entsprechenden Hinweis. Bei Bekanntwerden von Rechtsverletzungen werden wir derartige Inhalte umgehend entfernen.<\/p>\n<p>Fotos und Videofilme werden von uns pers\u00f6nlich gestellt. Hierbei handelt es sich Aufnahmen von \u00f6ffentlichen Veranstaltungen sowie Vereinsinternen Veranstaltungen. Fotos und Videos bei z.B. Geburtstagsst\u00e4ndchen u.s.w. werden nur nach Zustimmung der Personen ver\u00f6ffentlicht, wo der Auftritt des Spielmannszug stattfand.<\/p>\n<p>&nbsp;<\/p>\n","protected":false},"excerpt":{"rendered":"<p>Impressum Verantwortlich f\u00fcr diese Seite: Kontaktdaten: Joachim Willering Ernastr.2, 48529 Nordhorn Deutschland Telefon: 0 59 21 \u2013 30 23 074 Website: www.spielmannszug-bookholt.eu Email: spz-bookholt@online.de Der Spielmannszug ist eine interne Abteilung des Sch\u00fctzenverein Bookholt von 1910 e.V. Rechtliche Angaben Vertretungsberechtigt: Gesch\u00e4ftsf\u00fchrender Vorstand des Spielmannszug: Gesch\u00e4ftsf\u00fchrer: Timo Termeer Zum Camp 21a 48527 Nordhorn Tel.: 0 172 &#8211; 99 44 678 E-Mail: timo.termeer@gmail.com &#8212;&#8212;&#8212;&#8212;&#8212;&#8212;&#8212;&#8212;&#8212;&#8212;&#8212;&#8212;&#8212;- Stellvertretender Gesch\u00e4ftsf\u00fchrer: Thomas Sell Schorffeldweg 10 49828 Osterwald Tel.: 0 176 &#8211; 200 575 95 E-mail: t.sell1980@outlook.de &#8212;&#8212;&#8212;&#8212;&#8212;&#8212;&#8212;&#8212;&#8212;&#8212;&#8212;&#8212;- Kassenwart: Mario Termeer Deeglelder Weg 99 48531 Nordhorn Telefon: 0 59 21 3 90 22 &#8212;&#8212;&#8212;&#8212;&#8212;&#8212;&#8212;&#8212;&#8212;&#8212;&#8212;&#8212;&#8212;&#8211; Schriftf\u00fchrer: Tom Sell H\u00fcberskamp 6 E-Mail: tsell3176@gmail.com &nbsp; &nbsp;&nbsp;&nbsp;&nbsp;&nbsp;&nbsp;&nbsp;&nbsp;&nbsp;&nbsp;&nbsp;&nbsp;&nbsp;&nbsp;&nbsp;&nbsp;&nbsp;&nbsp;&nbsp;&nbsp;&nbsp;&nbsp;&nbsp;&nbsp;&nbsp;&nbsp;&nbsp;&nbsp;&nbsp;&nbsp;&nbsp;&nbsp;&nbsp;&nbsp;&nbsp;&nbsp;&nbsp;&nbsp;&nbsp;&nbsp;&nbsp;&nbsp;&nbsp;&nbsp;&nbsp;&nbsp;&nbsp;&nbsp;&nbsp;&nbsp;&nbsp;&nbsp;&nbsp;&nbsp;&nbsp;&nbsp;&nbsp;&nbsp;&nbsp;&nbsp;&nbsp;&nbsp;&nbsp;&nbsp;&nbsp;&nbsp;&nbsp;&nbsp;&nbsp;&nbsp;&nbsp;&nbsp;&nbsp;&nbsp;&nbsp;&nbsp;&nbsp;&nbsp;&nbsp;&nbsp;&nbsp;&nbsp;&nbsp;&nbsp;&nbsp;&nbsp;&nbsp;&nbsp;&nbsp;&nbsp;&nbsp;&nbsp;&nbsp;&nbsp;&nbsp;&nbsp;&nbsp;&nbsp;&nbsp;&nbsp;&nbsp;&nbsp;&nbsp;&nbsp;&nbsp;&nbsp;&nbsp;&nbsp;&nbsp;&nbsp;&nbsp;&nbsp;&nbsp;&nbsp;&nbsp;&nbsp;&nbsp;&nbsp;&nbsp;&nbsp;&nbsp;&nbsp;&nbsp;&nbsp;&nbsp;&nbsp;&nbsp;&nbsp;&nbsp;&nbsp;&nbsp;&nbsp;&nbsp;&nbsp;&nbsp;&nbsp;&nbsp;&nbsp;&nbsp;&nbsp;&nbsp;&nbsp;&nbsp;&nbsp;&nbsp;&nbsp;&nbsp; Joachim Willering (Webmaster) Registergericht: Amtsgericht Nordhorn Registernummer: 132 Inhaltlich Verantwortlicher gem\u00e4\u00df TMG: Joachim Willering Bildquellen und -Rechte Spielmannszug Bookholt Spielmannszug Bookholt bei Rechte Dritter, werden diese Dritten an gegebener Stelle angegeben. Weitere Informationen: Allg. Nutzungsbedingungen anzeigen Erkl\u00e4rung zum Datenschutz anzeigen Haftungshinweise (Disclaimer) anzeigen Impressum Angaben gem\u00e4\u00df \u00a7 5 TMG: Spielmannszug Bookholt Ernastra\u00dfe 2 48529 Nordhorn Vertreten durch: Joachim Willering Quellenangaben f\u00fcr die verwendeten Bilder und Grafiken: Spielmannszug \/ Sch\u00fctzenverein Bookholt. Auf dieser Homepage ver\u00f6ffentlichte Fotos und Videos sind vereinsintern erstellt worden. F\u00fcr Fotos und Videos von Dritten wurde zuvor eine Erlaubnis zur Ver\u00f6ffentlichung erteilt. Spielmannszug Bookholt Haftungsausschluss: Haftung f\u00fcr Inhalte: Die Inhalte unserer Seiten wurden mit gr\u00f6\u00dfter Sorgfalt erstellt. F\u00fcr die Richtigkeit, Vollst\u00e4ndigkeit und Aktualit\u00e4t der Inhalte k\u00f6nnen wir jedoch keine Gew\u00e4hr \u00fcbernehmen. Als Dienstanbieter sind wir gem\u00e4\u00df \u00a7 7 Abs.1 TMG f\u00fcr eigene Inhalte auf diesen Seiten nach den allgemeinen Gesetzen verantwortlich. Nach \u00a7\u00a7 8 bis 10 TMG sind wir als Dienstanbieter jedoch nicht verpflichtet, \u00fcbermittelte oder gespeicherte fremde Informationen zu \u00fcberwachen oder nach Umst\u00e4nden zu forschen, die auf eine rechtswidrige T\u00e4tigkeit hinweisen. Verpflichtungen zur Entfernung oder Sperrung der Nutzung von Informationen nach den allgemeinen Gesetzen bleiben hiervon unber\u00fchrt. Eine diesbez\u00fcgliche Haftung ist jedoch erst ab dem Zeitpunkt der Kenntnis einer konkreten Rechtsverletzung m\u00f6glich. Bei Bekanntwerden von entsprechenden Rechtsverletzungen werden wir diese Inhalte umgehend entfernen. Haftung f\u00fcr Links: Unser Angebot enth\u00e4lt Links zu externen Webseiten Dritter, auf deren Inhalte wir keinen Einfluss haben. Deshalb k\u00f6nnen wir f\u00fcr diese fremden Inhalte auch keine Gew\u00e4hr \u00fcbernehmen. F\u00fcr die Inhalte der verlinkten Seiten ist stets der jeweilige Anbieter oder Betreiber der Seiten verantwortlich. Die verlinkten Seiten wurden zum Zeitpunkt der Verlinkung auf m\u00f6gliche Rechtsverst\u00f6\u00dfe \u00fcberpr\u00fcft. Rechtswidrige Inhalte waren zum Zeitpunkt der Verlinkung nicht erkennbar. Eine permanente inhaltliche Kontrolle der verlinkten Seiten ist jedoch ohne konkrete Anhaltspunkte einer Rechtsverletzung nicht zumutbar. Bei Bekanntwerden von Rechtsverletzungen werden wir derartige Links umgehend entfernen. Urheberrecht: Die durch die Seitenbetreiber erstellten Inhalte und Werke auf diesen Seiten unterliegen dem deutschen Urheberrecht. Die Vervielf\u00e4ltigung, Bearbeitung, Verbreitung und jede Art der Verwertung au\u00dferhalb der Grenzen des Urheberrechtes bed\u00fcrfen der schriftlichen Zustimmung des jeweiligen Autors bzw. Erstellers. Downloads und Kopien dieser Seite sind nur f\u00fcr den privaten, nicht kommerziellen Gebrauch gestattet. Soweit die Inhalte auf dieser Seite nicht vom Betreiber erstellt wurden, werden die Urheberrechte Dritter beachtet. Insbesondere werden Inhalte Dritter als solche gekennzeichnet. Sollten Sie trotzdem auf eine Urheberrechtsverletzung aufmerksam werden, bitten wir um einen entsprechenden Hinweis. Bei Bekanntwerden von Rechtsverletzungen werden wir derartige Inhalte umgehend entfernen. Fotos und Videofilme werden von uns pers\u00f6nlich gestellt. Hierbei handelt es sich Aufnahmen von \u00f6ffentlichen Veranstaltungen sowie Vereinsinternen Veranstaltungen. Fotos und Videos bei z.B. Geburtstagsst\u00e4ndchen u.s.w. werden nur nach Zustimmung der Personen ver\u00f6ffentlicht, wo der Auftritt des Spielmannszug stattfand. &nbsp;<\/p>\n","protected":false},"author":1,"featured_media":0,"parent":0,"menu_order":0,"comment_status":"closed","ping_status":"closed","template":"","meta":{"footnotes":""},"class_list":["post-16","page","type-page","status-publish","hentry"],"_links":{"self":[{"href":"https:\/\/spielmannszug-bookholt.eu\/index.php?rest_route=\/wp\/v2\/pages\/16","targetHints":{"allow":["GET"]}}],"collection":[{"href":"https:\/\/spielmannszug-bookholt.eu\/index.php?rest_route=\/wp\/v2\/pages"}],"about":[{"href":"https:\/\/spielmannszug-bookholt.eu\/index.php?rest_route=\/wp\/v2\/types\/page"}],"author":[{"embeddable":true,"href":"https:\/\/spielmannszug-bookholt.eu\/index.php?rest_route=\/wp\/v2\/users\/1"}],"replies":[{"embeddable":true,"href":"https:\/\/spielmannszug-bookholt.eu\/index.php?rest_route=%2Fwp%2Fv2%2Fcomments&post=16"}],"version-history":[{"count":12,"href":"https:\/\/spielmannszug-bookholt.eu\/index.php?rest_route=\/wp\/v2\/pages\/16\/revisions"}],"predecessor-version":[{"id":4908,"href":"https:\/\/spielmannszug-bookholt.eu\/index.php?rest_route=\/wp\/v2\/pages\/16\/revisions\/4908"}],"wp:attachment":[{"href":"https:\/\/spielmannszug-bookholt.eu\/index.php?rest_route=%2Fwp%2Fv2%2Fmedia&parent=16"}],"curies":[{"name":"wp","href":"https:\/\/api.w.org\/{rel}","templated":true}]}}