{"id":197,"date":"2019-01-06T09:24:07","date_gmt":"2019-01-06T09:24:07","guid":{"rendered":"https:\/\/spielmannszug-bookholt.eu\/?page_id=197"},"modified":"2024-11-25T10:53:26","modified_gmt":"2024-11-25T10:53:26","slug":"archiv","status":"publish","type":"page","link":"https:\/\/spielmannszug-bookholt.eu\/?page_id=197","title":{"rendered":"Archiv"},"content":{"rendered":"<p>Hier finden Sie Unterlagen, Berichte und Fotos aus vergangenen Zeiten.<\/p>\n<p>&nbsp;<\/p>\n<p><img fetchpriority=\"high\" decoding=\"async\" class=\"wp-image-201 aligncenter\" src=\"https:\/\/spielmannszug-bookholt.eu\/wp-content\/uploads\/2019\/01\/Wett1-223x300.jpg\" alt=\"\" width=\"340\" height=\"457\" srcset=\"https:\/\/spielmannszug-bookholt.eu\/wp-content\/uploads\/2019\/01\/Wett1-223x300.jpg 223w, https:\/\/spielmannszug-bookholt.eu\/wp-content\/uploads\/2019\/01\/Wett1.jpg 332w\" sizes=\"(max-width: 340px) 100vw, 340px\" \/> <img decoding=\"async\" class=\"wp-image-202 aligncenter\" src=\"https:\/\/spielmannszug-bookholt.eu\/wp-content\/uploads\/2019\/01\/Wett2-300x214.jpg\" alt=\"\" width=\"535\" height=\"382\" srcset=\"https:\/\/spielmannszug-bookholt.eu\/wp-content\/uploads\/2019\/01\/Wett2-300x214.jpg 300w, https:\/\/spielmannszug-bookholt.eu\/wp-content\/uploads\/2019\/01\/Wett2.jpg 599w\" sizes=\"(max-width: 535px) 100vw, 535px\" \/><\/p>\n<p><img decoding=\"async\" class=\"wp-image-203 aligncenter\" src=\"https:\/\/spielmannszug-bookholt.eu\/wp-content\/uploads\/2019\/01\/Wett3-300x219.jpg\" alt=\"\" width=\"539\" height=\"393\" srcset=\"https:\/\/spielmannszug-bookholt.eu\/wp-content\/uploads\/2019\/01\/Wett3-300x219.jpg 300w, https:\/\/spielmannszug-bookholt.eu\/wp-content\/uploads\/2019\/01\/Wett3.jpg 599w\" sizes=\"(max-width: 539px) 100vw, 539px\" \/><\/p>\n<p><img loading=\"lazy\" decoding=\"async\" class=\"wp-image-204 aligncenter\" src=\"https:\/\/spielmannszug-bookholt.eu\/wp-content\/uploads\/2019\/01\/Wett4-300x212.jpg\" alt=\"\" width=\"530\" height=\"374\" srcset=\"https:\/\/spielmannszug-bookholt.eu\/wp-content\/uploads\/2019\/01\/Wett4-300x212.jpg 300w, https:\/\/spielmannszug-bookholt.eu\/wp-content\/uploads\/2019\/01\/Wett4.jpg 599w\" sizes=\"(max-width: 530px) 100vw, 530px\" \/><\/p>\n<p><img loading=\"lazy\" decoding=\"async\" class=\" wp-image-205 aligncenter\" src=\"https:\/\/spielmannszug-bookholt.eu\/wp-content\/uploads\/2019\/01\/bericht-165x300.jpg\" alt=\"\" width=\"343\" height=\"624\" srcset=\"https:\/\/spielmannszug-bookholt.eu\/wp-content\/uploads\/2019\/01\/bericht-165x300.jpg 165w, https:\/\/spielmannszug-bookholt.eu\/wp-content\/uploads\/2019\/01\/bericht.jpg 409w\" sizes=\"(max-width: 343px) 100vw, 343px\" \/><\/p>\n<p><img loading=\"lazy\" decoding=\"async\" class=\"wp-image-206 aligncenter\" src=\"https:\/\/spielmannszug-bookholt.eu\/wp-content\/uploads\/2019\/01\/Fest1-300x223.jpg\" alt=\"\" width=\"552\" height=\"411\" srcset=\"https:\/\/spielmannszug-bookholt.eu\/wp-content\/uploads\/2019\/01\/Fest1-300x223.jpg 300w, https:\/\/spielmannszug-bookholt.eu\/wp-content\/uploads\/2019\/01\/Fest1-80x60.jpg 80w, https:\/\/spielmannszug-bookholt.eu\/wp-content\/uploads\/2019\/01\/Fest1.jpg 599w\" sizes=\"(max-width: 552px) 100vw, 552px\" \/> <img loading=\"lazy\" decoding=\"async\" class=\"wp-image-207 aligncenter\" src=\"https:\/\/spielmannszug-bookholt.eu\/wp-content\/uploads\/2019\/01\/Fest2-300x235.jpg\" alt=\"\" width=\"538\" height=\"421\" srcset=\"https:\/\/spielmannszug-bookholt.eu\/wp-content\/uploads\/2019\/01\/Fest2-300x235.jpg 300w, https:\/\/spielmannszug-bookholt.eu\/wp-content\/uploads\/2019\/01\/Fest2.jpg 599w\" sizes=\"(max-width: 538px) 100vw, 538px\" \/><\/p>\n<p><img loading=\"lazy\" decoding=\"async\" class=\" wp-image-538 aligncenter\" src=\"https:\/\/spielmannszug-bookholt.eu\/wp-content\/uploads\/2019\/01\/AlbertHeute-300x194.jpg\" alt=\"\" width=\"525\" height=\"340\" srcset=\"https:\/\/spielmannszug-bookholt.eu\/wp-content\/uploads\/2019\/01\/AlbertHeute-300x194.jpg 300w, https:\/\/spielmannszug-bookholt.eu\/wp-content\/uploads\/2019\/01\/AlbertHeute.jpg 652w\" sizes=\"(max-width: 525px) 100vw, 525px\" \/><\/p>\n<p><img loading=\"lazy\" decoding=\"async\" class=\" wp-image-209 aligncenter\" src=\"https:\/\/spielmannszug-bookholt.eu\/wp-content\/uploads\/2019\/01\/neggggg-300x204.jpg\" alt=\"\" width=\"506\" height=\"344\" srcset=\"https:\/\/spielmannszug-bookholt.eu\/wp-content\/uploads\/2019\/01\/neggggg-300x204.jpg 300w, https:\/\/spielmannszug-bookholt.eu\/wp-content\/uploads\/2019\/01\/neggggg.jpg 537w\" sizes=\"(max-width: 506px) 100vw, 506px\" \/>&nbsp;<\/p>\n<p><img loading=\"lazy\" decoding=\"async\" class=\"wp-image-211 aligncenter\" src=\"https:\/\/spielmannszug-bookholt.eu\/wp-content\/uploads\/2019\/01\/SPZ66-300x207.png\" alt=\"\" width=\"505\" height=\"348\" srcset=\"https:\/\/spielmannszug-bookholt.eu\/wp-content\/uploads\/2019\/01\/SPZ66-300x207.png 300w, https:\/\/spielmannszug-bookholt.eu\/wp-content\/uploads\/2019\/01\/SPZ66.png 598w\" sizes=\"(max-width: 505px) 100vw, 505px\" \/><\/p>\n<p><img loading=\"lazy\" decoding=\"async\" class=\" wp-image-212 aligncenter\" src=\"https:\/\/spielmannszug-bookholt.eu\/wp-content\/uploads\/2019\/01\/SPZ77-300x208.jpg\" alt=\"\" width=\"495\" height=\"343\" srcset=\"https:\/\/spielmannszug-bookholt.eu\/wp-content\/uploads\/2019\/01\/SPZ77-300x208.jpg 300w, https:\/\/spielmannszug-bookholt.eu\/wp-content\/uploads\/2019\/01\/SPZ77.jpg 597w\" sizes=\"(max-width: 495px) 100vw, 495px\" \/><\/p>\n<p><img loading=\"lazy\" decoding=\"async\" class=\" wp-image-213 aligncenter\" src=\"https:\/\/spielmannszug-bookholt.eu\/wp-content\/uploads\/2019\/01\/SPZ88-300x191.jpg\" alt=\"\" width=\"492\" height=\"313\" srcset=\"https:\/\/spielmannszug-bookholt.eu\/wp-content\/uploads\/2019\/01\/SPZ88-300x191.jpg 300w, https:\/\/spielmannszug-bookholt.eu\/wp-content\/uploads\/2019\/01\/SPZ88.jpg 653w\" sizes=\"(max-width: 492px) 100vw, 492px\" \/><\/p>\n<p><img loading=\"lazy\" decoding=\"async\" class=\" wp-image-215 aligncenter\" src=\"https:\/\/spielmannszug-bookholt.eu\/wp-content\/uploads\/2019\/01\/SPZ100-300x202.jpg\" alt=\"\" width=\"492\" height=\"332\" srcset=\"https:\/\/spielmannszug-bookholt.eu\/wp-content\/uploads\/2019\/01\/SPZ100-300x202.jpg 300w, https:\/\/spielmannszug-bookholt.eu\/wp-content\/uploads\/2019\/01\/SPZ100.jpg 635w\" sizes=\"(max-width: 492px) 100vw, 492px\" \/><\/p>\n<p><img loading=\"lazy\" decoding=\"async\" class=\" wp-image-216 aligncenter\" src=\"https:\/\/spielmannszug-bookholt.eu\/wp-content\/uploads\/2019\/01\/SPZ110-300x206.jpg\" alt=\"\" width=\"494\" height=\"339\" srcset=\"https:\/\/spielmannszug-bookholt.eu\/wp-content\/uploads\/2019\/01\/SPZ110-300x206.jpg 300w, https:\/\/spielmannszug-bookholt.eu\/wp-content\/uploads\/2019\/01\/SPZ110.jpg 633w\" sizes=\"(max-width: 494px) 100vw, 494px\" \/><\/p>\n<p><img loading=\"lazy\" decoding=\"async\" class=\" wp-image-217 aligncenter\" src=\"https:\/\/spielmannszug-bookholt.eu\/wp-content\/uploads\/2019\/01\/SPZ122-300x266.jpg\" alt=\"\" width=\"490\" height=\"434\" srcset=\"https:\/\/spielmannszug-bookholt.eu\/wp-content\/uploads\/2019\/01\/SPZ122-300x266.jpg 300w, https:\/\/spielmannszug-bookholt.eu\/wp-content\/uploads\/2019\/01\/SPZ122.jpg 599w\" sizes=\"(max-width: 490px) 100vw, 490px\" \/><\/p>\n<p><img loading=\"lazy\" decoding=\"async\" class=\" wp-image-218 aligncenter\" src=\"https:\/\/spielmannszug-bookholt.eu\/wp-content\/uploads\/2019\/01\/SPZ133-300x206.jpg\" alt=\"\" width=\"533\" height=\"366\" srcset=\"https:\/\/spielmannszug-bookholt.eu\/wp-content\/uploads\/2019\/01\/SPZ133-300x206.jpg 300w, https:\/\/spielmannszug-bookholt.eu\/wp-content\/uploads\/2019\/01\/SPZ133.jpg 599w\" sizes=\"(max-width: 533px) 100vw, 533px\" \/><\/p>\n<p><img loading=\"lazy\" decoding=\"async\" class=\" wp-image-219 aligncenter\" src=\"https:\/\/spielmannszug-bookholt.eu\/wp-content\/uploads\/2019\/01\/SPZ144-300x174.jpg\" alt=\"\" width=\"530\" height=\"308\" srcset=\"https:\/\/spielmannszug-bookholt.eu\/wp-content\/uploads\/2019\/01\/SPZ144-300x174.jpg 300w, https:\/\/spielmannszug-bookholt.eu\/wp-content\/uploads\/2019\/01\/SPZ144.jpg 582w\" sizes=\"(max-width: 530px) 100vw, 530px\" \/><\/p>\n<p><img loading=\"lazy\" decoding=\"async\" class=\" wp-image-220 aligncenter\" src=\"https:\/\/spielmannszug-bookholt.eu\/wp-content\/uploads\/2019\/01\/SPZ155-300x214.jpg\" alt=\"\" width=\"542\" height=\"386\" srcset=\"https:\/\/spielmannszug-bookholt.eu\/wp-content\/uploads\/2019\/01\/SPZ155-300x214.jpg 300w, https:\/\/spielmannszug-bookholt.eu\/wp-content\/uploads\/2019\/01\/SPZ155.jpg 589w\" sizes=\"(max-width: 542px) 100vw, 542px\" \/><\/p>\n<p><img loading=\"lazy\" decoding=\"async\" class=\" wp-image-221 aligncenter\" src=\"https:\/\/spielmannszug-bookholt.eu\/wp-content\/uploads\/2019\/01\/SPZ166-300x216.jpg\" alt=\"\" width=\"525\" height=\"378\" srcset=\"https:\/\/spielmannszug-bookholt.eu\/wp-content\/uploads\/2019\/01\/SPZ166-300x216.jpg 300w, https:\/\/spielmannszug-bookholt.eu\/wp-content\/uploads\/2019\/01\/SPZ166.jpg 364w\" sizes=\"(max-width: 525px) 100vw, 525px\" \/><\/p>\n<p><img loading=\"lazy\" decoding=\"async\" class=\" wp-image-222 aligncenter\" src=\"https:\/\/spielmannszug-bookholt.eu\/wp-content\/uploads\/2019\/01\/SPZ177-191x300.jpg\" alt=\"\" width=\"410\" height=\"644\" srcset=\"https:\/\/spielmannszug-bookholt.eu\/wp-content\/uploads\/2019\/01\/SPZ177-191x300.jpg 191w, https:\/\/spielmannszug-bookholt.eu\/wp-content\/uploads\/2019\/01\/SPZ177.jpg 225w\" sizes=\"(max-width: 410px) 100vw, 410px\" \/><\/p>\n<p><img loading=\"lazy\" decoding=\"async\" class=\" wp-image-223 aligncenter\" src=\"https:\/\/spielmannszug-bookholt.eu\/wp-content\/uploads\/2019\/01\/SPZ188-300x203.jpg\" alt=\"\" width=\"511\" height=\"346\" srcset=\"https:\/\/spielmannszug-bookholt.eu\/wp-content\/uploads\/2019\/01\/SPZ188-300x203.jpg 300w, https:\/\/spielmannszug-bookholt.eu\/wp-content\/uploads\/2019\/01\/SPZ188.jpg 525w\" sizes=\"(max-width: 511px) 100vw, 511px\" \/>&nbsp;<\/p>\n<p><img loading=\"lazy\" decoding=\"async\" class=\" wp-image-225 aligncenter\" src=\"https:\/\/spielmannszug-bookholt.eu\/wp-content\/uploads\/2019\/01\/SPZ200-300x185.jpg\" alt=\"\" width=\"525\" height=\"324\" srcset=\"https:\/\/spielmannszug-bookholt.eu\/wp-content\/uploads\/2019\/01\/SPZ200-300x185.jpg 300w, https:\/\/spielmannszug-bookholt.eu\/wp-content\/uploads\/2019\/01\/SPZ200.jpg 528w\" sizes=\"(max-width: 525px) 100vw, 525px\" \/><\/p>\n<p><img loading=\"lazy\" decoding=\"async\" class=\" wp-image-1880 aligncenter\" src=\"https:\/\/spielmannszug-bookholt.eu\/wp-content\/uploads\/2019\/09\/0000-300x208.jpg\" alt=\"\" width=\"530\" height=\"368\" srcset=\"https:\/\/spielmannszug-bookholt.eu\/wp-content\/uploads\/2019\/09\/0000-300x208.jpg 300w, https:\/\/spielmannszug-bookholt.eu\/wp-content\/uploads\/2019\/09\/0000.jpg 546w\" sizes=\"(max-width: 530px) 100vw, 530px\" \/><\/p>\n<p><img loading=\"lazy\" decoding=\"async\" class=\" wp-image-1881 aligncenter\" src=\"https:\/\/spielmannszug-bookholt.eu\/wp-content\/uploads\/2019\/09\/654-300x208.jpg\" alt=\"\" width=\"537\" height=\"372\" srcset=\"https:\/\/spielmannszug-bookholt.eu\/wp-content\/uploads\/2019\/09\/654-300x208.jpg 300w, https:\/\/spielmannszug-bookholt.eu\/wp-content\/uploads\/2019\/09\/654.jpg 546w\" sizes=\"(max-width: 537px) 100vw, 537px\" \/><\/p>\n<p><img loading=\"lazy\" decoding=\"async\" class=\" wp-image-1882 aligncenter\" src=\"https:\/\/spielmannszug-bookholt.eu\/wp-content\/uploads\/2019\/09\/2222-300x198.jpg\" alt=\"\" width=\"533\" height=\"352\" srcset=\"https:\/\/spielmannszug-bookholt.eu\/wp-content\/uploads\/2019\/09\/2222-300x198.jpg 300w, https:\/\/spielmannszug-bookholt.eu\/wp-content\/uploads\/2019\/09\/2222.jpg 376w\" sizes=\"(max-width: 533px) 100vw, 533px\" \/><\/p>\n<p><img loading=\"lazy\" decoding=\"async\" class=\" wp-image-1883 aligncenter\" src=\"https:\/\/spielmannszug-bookholt.eu\/wp-content\/uploads\/2019\/09\/5555-300x208.jpg\" alt=\"\" width=\"527\" height=\"366\" srcset=\"https:\/\/spielmannszug-bookholt.eu\/wp-content\/uploads\/2019\/09\/5555-300x208.jpg 300w, https:\/\/spielmannszug-bookholt.eu\/wp-content\/uploads\/2019\/09\/5555.jpg 550w\" sizes=\"(max-width: 527px) 100vw, 527px\" \/><\/p>\n<p>&nbsp;<\/p>\n<p><img loading=\"lazy\" decoding=\"async\" class=\" wp-image-1887 aligncenter\" src=\"https:\/\/spielmannszug-bookholt.eu\/wp-content\/uploads\/2019\/09\/9999.jpg\" alt=\"\" width=\"443\" height=\"445\" srcset=\"https:\/\/spielmannszug-bookholt.eu\/wp-content\/uploads\/2019\/09\/9999.jpg 236w, https:\/\/spielmannszug-bookholt.eu\/wp-content\/uploads\/2019\/09\/9999-150x150.jpg 150w\" sizes=\"(max-width: 443px) 100vw, 443px\" \/><\/p>\n<p><img loading=\"lazy\" decoding=\"async\" class=\" wp-image-1888 aligncenter\" src=\"https:\/\/spielmannszug-bookholt.eu\/wp-content\/uploads\/2019\/09\/11111-300x215.jpg\" alt=\"\" width=\"549\" height=\"394\" srcset=\"https:\/\/spielmannszug-bookholt.eu\/wp-content\/uploads\/2019\/09\/11111-300x215.jpg 300w, https:\/\/spielmannszug-bookholt.eu\/wp-content\/uploads\/2019\/09\/11111.jpg 368w\" sizes=\"(max-width: 549px) 100vw, 549px\" \/><\/p>\n<p><img loading=\"lazy\" decoding=\"async\" class=\" wp-image-1889 aligncenter\" src=\"https:\/\/spielmannszug-bookholt.eu\/wp-content\/uploads\/2019\/09\/66666-300x207.jpg\" alt=\"\" width=\"556\" height=\"383\" srcset=\"https:\/\/spielmannszug-bookholt.eu\/wp-content\/uploads\/2019\/09\/66666-300x207.jpg 300w, https:\/\/spielmannszug-bookholt.eu\/wp-content\/uploads\/2019\/09\/66666.jpg 390w\" sizes=\"(max-width: 556px) 100vw, 556px\" \/><\/p>\n<p><img loading=\"lazy\" decoding=\"async\" class=\" wp-image-1890 aligncenter\" src=\"https:\/\/spielmannszug-bookholt.eu\/wp-content\/uploads\/2019\/09\/gggg-300x204.jpg\" alt=\"\" width=\"568\" height=\"386\" srcset=\"https:\/\/spielmannszug-bookholt.eu\/wp-content\/uploads\/2019\/09\/gggg-300x204.jpg 300w, https:\/\/spielmannszug-bookholt.eu\/wp-content\/uploads\/2019\/09\/gggg.jpg 542w\" sizes=\"(max-width: 568px) 100vw, 568px\" \/><\/p>\n<p><img loading=\"lazy\" decoding=\"async\" class=\" wp-image-1893 aligncenter\" src=\"https:\/\/spielmannszug-bookholt.eu\/wp-content\/uploads\/2019\/09\/neu-1777-198x300.jpg\" alt=\"\" width=\"413\" height=\"626\" srcset=\"https:\/\/spielmannszug-bookholt.eu\/wp-content\/uploads\/2019\/09\/neu-1777-198x300.jpg 198w, https:\/\/spielmannszug-bookholt.eu\/wp-content\/uploads\/2019\/09\/neu-1777.jpg 349w\" sizes=\"(max-width: 413px) 100vw, 413px\" \/><\/p>\n<p><img loading=\"lazy\" decoding=\"async\" class=\" wp-image-1894 aligncenter\" src=\"https:\/\/spielmannszug-bookholt.eu\/wp-content\/uploads\/2019\/09\/Niehus-junior-186x300.jpg\" alt=\"\" width=\"403\" height=\"649\" srcset=\"https:\/\/spielmannszug-bookholt.eu\/wp-content\/uploads\/2019\/09\/Niehus-junior-186x300.jpg 186w, https:\/\/spielmannszug-bookholt.eu\/wp-content\/uploads\/2019\/09\/Niehus-junior.jpg 330w\" sizes=\"(max-width: 403px) 100vw, 403px\" \/><\/p>\n<p><img loading=\"lazy\" decoding=\"async\" class=\" wp-image-1899 aligncenter\" src=\"https:\/\/spielmannszug-bookholt.eu\/wp-content\/uploads\/2019\/09\/\u00fc\u00fc\u00fc\u00fc-300x202.jpg\" alt=\"\" width=\"607\" height=\"409\" srcset=\"https:\/\/spielmannszug-bookholt.eu\/wp-content\/uploads\/2019\/09\/\u00fc\u00fc\u00fc\u00fc-300x202.jpg 300w, https:\/\/spielmannszug-bookholt.eu\/wp-content\/uploads\/2019\/09\/\u00fc\u00fc\u00fc\u00fc.jpg 392w\" sizes=\"(max-width: 607px) 100vw, 607px\" \/><\/p>\n<p><img loading=\"lazy\" decoding=\"async\" class=\" wp-image-1891 aligncenter\" src=\"https:\/\/spielmannszug-bookholt.eu\/wp-content\/uploads\/2019\/09\/neggggg-300x204.jpg\" alt=\"\" width=\"609\" height=\"414\" srcset=\"https:\/\/spielmannszug-bookholt.eu\/wp-content\/uploads\/2019\/09\/neggggg-300x204.jpg 300w, https:\/\/spielmannszug-bookholt.eu\/wp-content\/uploads\/2019\/09\/neggggg.jpg 537w\" sizes=\"(max-width: 609px) 100vw, 609px\" \/><\/p>\n<p><img loading=\"lazy\" decoding=\"async\" class=\" wp-image-1892 aligncenter\" src=\"https:\/\/spielmannszug-bookholt.eu\/wp-content\/uploads\/2019\/09\/neu-7777-300x206.jpg\" alt=\"\" width=\"621\" height=\"427\" srcset=\"https:\/\/spielmannszug-bookholt.eu\/wp-content\/uploads\/2019\/09\/neu-7777-300x206.jpg 300w, https:\/\/spielmannszug-bookholt.eu\/wp-content\/uploads\/2019\/09\/neu-7777.jpg 549w\" sizes=\"(max-width: 621px) 100vw, 621px\" \/><\/p>\n<p><img loading=\"lazy\" decoding=\"async\" class=\" wp-image-1895 aligncenter\" src=\"https:\/\/spielmannszug-bookholt.eu\/wp-content\/uploads\/2019\/09\/ooo-300x195.jpg\" alt=\"\" width=\"614\" height=\"399\" srcset=\"https:\/\/spielmannszug-bookholt.eu\/wp-content\/uploads\/2019\/09\/ooo-300x195.jpg 300w, https:\/\/spielmannszug-bookholt.eu\/wp-content\/uploads\/2019\/09\/ooo.jpg 501w\" sizes=\"(max-width: 614px) 100vw, 614px\" \/><\/p>\n<p><img loading=\"lazy\" decoding=\"async\" class=\" wp-image-1896 aligncenter\" src=\"https:\/\/spielmannszug-bookholt.eu\/wp-content\/uploads\/2019\/09\/ppppp-300x209.jpg\" alt=\"\" width=\"607\" height=\"423\" srcset=\"https:\/\/spielmannszug-bookholt.eu\/wp-content\/uploads\/2019\/09\/ppppp-300x209.jpg 300w, https:\/\/spielmannszug-bookholt.eu\/wp-content\/uploads\/2019\/09\/ppppp.jpg 490w\" sizes=\"(max-width: 607px) 100vw, 607px\" \/><\/p>\n<p><img loading=\"lazy\" decoding=\"async\" class=\" wp-image-1897 aligncenter\" src=\"https:\/\/spielmannszug-bookholt.eu\/wp-content\/uploads\/2019\/09\/neu201-300x202.jpg\" alt=\"\" width=\"603\" height=\"406\" srcset=\"https:\/\/spielmannszug-bookholt.eu\/wp-content\/uploads\/2019\/09\/neu201-300x202.jpg 300w, https:\/\/spielmannszug-bookholt.eu\/wp-content\/uploads\/2019\/09\/neu201.jpg 494w\" sizes=\"(max-width: 603px) 100vw, 603px\" \/><\/p>\n<p><img loading=\"lazy\" decoding=\"async\" class=\" wp-image-1884 aligncenter\" src=\"https:\/\/spielmannszug-bookholt.eu\/wp-content\/uploads\/2019\/09\/5oo-300x216.jpg\" alt=\"\" width=\"607\" height=\"437\" srcset=\"https:\/\/spielmannszug-bookholt.eu\/wp-content\/uploads\/2019\/09\/5oo-300x216.jpg 300w, https:\/\/spielmannszug-bookholt.eu\/wp-content\/uploads\/2019\/09\/5oo.jpg 665w\" sizes=\"(max-width: 607px) 100vw, 607px\" \/><\/p>\n<p><img loading=\"lazy\" decoding=\"async\" class=\" wp-image-1885 aligncenter\" src=\"https:\/\/spielmannszug-bookholt.eu\/wp-content\/uploads\/2019\/09\/555-300x215.jpg\" alt=\"\" width=\"605\" height=\"433\" srcset=\"https:\/\/spielmannszug-bookholt.eu\/wp-content\/uploads\/2019\/09\/555-300x215.jpg 300w, https:\/\/spielmannszug-bookholt.eu\/wp-content\/uploads\/2019\/09\/555.jpg 482w\" sizes=\"(max-width: 605px) 100vw, 605px\" \/><\/p>\n<p><img loading=\"lazy\" decoding=\"async\" class=\" wp-image-1898 aligncenter\" src=\"https:\/\/spielmannszug-bookholt.eu\/wp-content\/uploads\/2019\/09\/tttt-300x213.jpg\" alt=\"\" width=\"611\" height=\"434\" srcset=\"https:\/\/spielmannszug-bookholt.eu\/wp-content\/uploads\/2019\/09\/tttt-300x213.jpg 300w, https:\/\/spielmannszug-bookholt.eu\/wp-content\/uploads\/2019\/09\/tttt.jpg 544w\" sizes=\"(max-width: 611px) 100vw, 611px\" \/><\/p>\n<p><img loading=\"lazy\" decoding=\"async\" class=\" wp-image-1886 aligncenter\" src=\"https:\/\/spielmannszug-bookholt.eu\/wp-content\/uploads\/2019\/09\/4444-300x205.jpg\" alt=\"\" width=\"611\" height=\"417\" srcset=\"https:\/\/spielmannszug-bookholt.eu\/wp-content\/uploads\/2019\/09\/4444-300x205.jpg 300w, https:\/\/spielmannszug-bookholt.eu\/wp-content\/uploads\/2019\/09\/4444.jpg 498w\" sizes=\"(max-width: 611px) 100vw, 611px\" \/><\/p>\n","protected":false},"excerpt":{"rendered":"<p>Hier finden Sie Unterlagen, Berichte und Fotos aus vergangenen Zeiten. &nbsp; &nbsp; &nbsp; &nbsp;<\/p>\n","protected":false},"author":1,"featured_media":0,"parent":0,"menu_order":0,"comment_status":"closed","ping_status":"closed","template":"","meta":{"footnotes":""},"class_list":["post-197","page","type-page","status-publish","hentry"],"_links":{"self":[{"href":"https:\/\/spielmannszug-bookholt.eu\/index.php?rest_route=\/wp\/v2\/pages\/197","targetHints":{"allow":["GET"]}}],"collection":[{"href":"https:\/\/spielmannszug-bookholt.eu\/index.php?rest_route=\/wp\/v2\/pages"}],"about":[{"href":"https:\/\/spielmannszug-bookholt.eu\/index.php?rest_route=\/wp\/v2\/types\/page"}],"author":[{"embeddable":true,"href":"https:\/\/spielmannszug-bookholt.eu\/index.php?rest_route=\/wp\/v2\/users\/1"}],"replies":[{"embeddable":true,"href":"https:\/\/spielmannszug-bookholt.eu\/index.php?rest_route=%2Fwp%2Fv2%2Fcomments&post=197"}],"version-history":[{"count":9,"href":"https:\/\/spielmannszug-bookholt.eu\/index.php?rest_route=\/wp\/v2\/pages\/197\/revisions"}],"predecessor-version":[{"id":3375,"href":"https:\/\/spielmannszug-bookholt.eu\/index.php?rest_route=\/wp\/v2\/pages\/197\/revisions\/3375"}],"wp:attachment":[{"href":"https:\/\/spielmannszug-bookholt.eu\/index.php?rest_route=%2Fwp%2Fv2%2Fmedia&parent=197"}],"curies":[{"name":"wp","href":"https:\/\/api.w.org\/{rel}","templated":true}]}}