{"id":289,"date":"2019-01-06T09:38:53","date_gmt":"2019-01-06T09:38:53","guid":{"rendered":"https:\/\/spielmannszug-bookholt.eu\/?page_id=289"},"modified":"2024-11-27T09:47:20","modified_gmt":"2024-11-27T09:47:20","slug":"galerien","status":"publish","type":"page","link":"https:\/\/spielmannszug-bookholt.eu\/?page_id=289","title":{"rendered":"Galerien"},"content":{"rendered":"<p>Um Bilder anzuschauen, das Bild mit der Maus ansteuern&#8230;<\/p>\n<pre class=\"copy-shortcode tipsy-tooltip\">[metaslider id=\"4170\"]\r\n\r\nSch\u00fctzenfest 2024<\/pre>\n<p>[metaslider id=3641]<\/p>\n<p>Wecken 2023<\/p>\n<p>&nbsp;<\/p>\n<p>[metaslider id=3452]<\/p>\n<p style=\"text-align: left;\">Sch\u00fctzenfest Bookholt 2023<\/p>\n<p>[metaslider id=3381]<\/p>\n<p>3 Vereine- ein Fest<\/p>\n<p>&nbsp;<\/p>\n<p>[metaslider id=3346]<\/p>\n<p>Sch\u00fctzenfest Lage 2023<\/p>\n<p>&nbsp;<\/p>\n<p>[metaslider id=3239]<\/p>\n<p>Fr\u00fchlingsfest Pflegezentrum Rovenkamp<\/p>\n<p>&nbsp;<\/p>\n<p>&nbsp;<\/p>\n<p>[metaslider id=2845]<\/p>\n<p>Sch\u00fctzenfest Zur Blanke &amp; Geselligkeit Neuberlin 2022<\/p>\n<p>[ngg src=&#8220;galleries&#8220; ids=&#8220;1&#8243; display=&#8220;basic_slideshow&#8220;]Sch\u00fctzenfest Bookholt 2022<\/p>\n<p>[metaslider id=2173]<\/p>\n<p>Wecken 2022<\/p>\n<p>[metaslider id=2105]<\/p>\n<p>Sch\u00fctzenfest Lage 2022<\/p>\n<p>[metaslider id=1826]<\/p>\n<p>Sommerfest Pflegezentrum am Rovenkamp<\/p>\n<p>[metaslider id=1766]<\/p>\n<p>Sch\u00fctzenfest Geselligkeit Neuberlin 2019<\/p>\n<p>[metaslider id=65]<\/p>\n<p>Sch\u00fctzenfest Blanke 2019<\/p>\n<p>[metaslider id=1671]<\/p>\n<p>100 Jahre Spielmannszug Uelsen<\/p>\n<p>[metaslider id=1624]<\/p>\n<p>Sch\u00fctzenausmarsch Hannover 2019<\/p>\n<p>[metaslider id=1349]<\/p>\n<p>Sch\u00fctzenfest Bookholt 2019<\/p>\n<p>[metaslider id=1365]<\/p>\n<p>&#8222;Wecken&#8220; 2019 Sch\u00fctzenfest Bookholt<\/p>\n<p>[metaslider id=1216]<\/p>\n<p>Sch\u00fctzenfest Frensdorf -Frenswegen &#8211; Altendorf 2019<\/p>\n<p>[metaslider id=1124]<\/p>\n<p>Kloatscheeten 2019<\/p>\n<p>[metaslider id=1081]<\/p>\n<p>Winterfest 2019<\/p>\n<p>[metaslider id=295]<\/p>\n<p>Sch\u00fctzenfest Geselligkeit Neuberlin 2018<\/p>\n<p>[metaslider id=365]<\/p>\n<p>Sch\u00fctzenfest &#8222;Zur Blanke&#8220; 2018<\/p>\n<p>[metaslider id=471]<\/p>\n<p>Sch\u00fctzenausmarsch Hannover 2018<\/p>\n<p>[metaslider id=743]<\/p>\n<p>AWO Sommerfest 2018<\/p>\n<p>[metaslider id=62]<\/p>\n<p>Sch\u00fctzenfest Bookholt 2018<\/p>\n<p>[metaslider id=777]<\/p>\n<p>Sch\u00fctzenfest Altendorf \/ Frenswegen \/ Frensdorf 2018<\/p>\n<p>50 Jahre Spielmannszug<\/p>\n<p>[metaslider id=982]<\/p>\n<p>&nbsp;<\/p>\n<p>&nbsp;<\/p>\n<p>&nbsp;<\/p>\n<p>&nbsp;<\/p>\n<p>&nbsp;<\/p>\n<p>&nbsp;<\/p>\n<p>&nbsp;<\/p>\n<p>&nbsp;<\/p>\n<p>&nbsp;<\/p>\n<p>&nbsp;<\/p>\n","protected":false},"excerpt":{"rendered":"<p>Um Bilder anzuschauen, das Bild mit der Maus ansteuern&#8230; [metaslider id=&#8220;4170&#8243;] Sch\u00fctzenfest 2024 [metaslider id=3641] Wecken 2023 &nbsp; [metaslider id=3452] Sch\u00fctzenfest Bookholt 2023 [metaslider id=3381] 3 Vereine- ein Fest &nbsp; [metaslider id=3346] Sch\u00fctzenfest Lage 2023 &nbsp; [metaslider id=3239] Fr\u00fchlingsfest Pflegezentrum Rovenkamp &nbsp; &nbsp; [metaslider id=2845] Sch\u00fctzenfest Zur Blanke &amp; Geselligkeit Neuberlin 2022 [ngg src=&#8220;galleries&#8220; ids=&#8220;1&#8243; display=&#8220;basic_slideshow&#8220;]Sch\u00fctzenfest Bookholt 2022 [metaslider id=2173] Wecken 2022 [metaslider id=2105] Sch\u00fctzenfest Lage 2022 [metaslider id=1826] Sommerfest Pflegezentrum am Rovenkamp [metaslider id=1766] Sch\u00fctzenfest Geselligkeit Neuberlin 2019 [metaslider id=65] Sch\u00fctzenfest Blanke 2019 [metaslider id=1671] 100 Jahre Spielmannszug Uelsen [metaslider id=1624] Sch\u00fctzenausmarsch Hannover 2019 [metaslider id=1349] Sch\u00fctzenfest Bookholt 2019 [metaslider id=1365] &#8222;Wecken&#8220; 2019 Sch\u00fctzenfest Bookholt [metaslider id=1216] Sch\u00fctzenfest Frensdorf -Frenswegen &#8211; Altendorf 2019 [metaslider id=1124] Kloatscheeten 2019 [metaslider id=1081] Winterfest 2019 [metaslider id=295] Sch\u00fctzenfest Geselligkeit Neuberlin 2018 [metaslider id=365] Sch\u00fctzenfest &#8222;Zur Blanke&#8220; 2018 [metaslider id=471] Sch\u00fctzenausmarsch Hannover 2018 [metaslider id=743] AWO Sommerfest 2018 [metaslider id=62] Sch\u00fctzenfest Bookholt 2018 [metaslider id=777] Sch\u00fctzenfest Altendorf \/ Frenswegen \/ Frensdorf 2018 50 Jahre Spielmannszug [metaslider id=982] &nbsp; &nbsp; &nbsp; &nbsp; &nbsp; &nbsp; &nbsp; &nbsp; &nbsp; &nbsp;<\/p>\n","protected":false},"author":1,"featured_media":0,"parent":0,"menu_order":0,"comment_status":"closed","ping_status":"closed","template":"","meta":{"footnotes":""},"class_list":["post-289","page","type-page","status-publish","hentry"],"_links":{"self":[{"href":"https:\/\/spielmannszug-bookholt.eu\/index.php?rest_route=\/wp\/v2\/pages\/289","targetHints":{"allow":["GET"]}}],"collection":[{"href":"https:\/\/spielmannszug-bookholt.eu\/index.php?rest_route=\/wp\/v2\/pages"}],"about":[{"href":"https:\/\/spielmannszug-bookholt.eu\/index.php?rest_route=\/wp\/v2\/types\/page"}],"author":[{"embeddable":true,"href":"https:\/\/spielmannszug-bookholt.eu\/index.php?rest_route=\/wp\/v2\/users\/1"}],"replies":[{"embeddable":true,"href":"https:\/\/spielmannszug-bookholt.eu\/index.php?rest_route=%2Fwp%2Fv2%2Fcomments&post=289"}],"version-history":[{"count":81,"href":"https:\/\/spielmannszug-bookholt.eu\/index.php?rest_route=\/wp\/v2\/pages\/289\/revisions"}],"predecessor-version":[{"id":4215,"href":"https:\/\/spielmannszug-bookholt.eu\/index.php?rest_route=\/wp\/v2\/pages\/289\/revisions\/4215"}],"wp:attachment":[{"href":"https:\/\/spielmannszug-bookholt.eu\/index.php?rest_route=%2Fwp%2Fv2%2Fmedia&parent=289"}],"curies":[{"name":"wp","href":"https:\/\/api.w.org\/{rel}","templated":true}]}}