{"id":49,"date":"2019-01-05T09:49:29","date_gmt":"2019-01-05T09:49:29","guid":{"rendered":"http:\/\/spielmannszug-bookholt.eu\/?page_id=49"},"modified":"2026-01-10T08:43:53","modified_gmt":"2026-01-10T08:43:53","slug":"ueber-uns","status":"publish","type":"page","link":"https:\/\/spielmannszug-bookholt.eu\/?page_id=49","title":{"rendered":"\u00dcber uns"},"content":{"rendered":"<p>Der Vorstand setzt sich aus folgenden Spielleuten zusammen:<\/p>\n<p>Gesch\u00e4ftsf\u00fchrer:<\/p>\n<p><span style=\"color: #339966;\">Timo Termeer<\/span><\/p>\n<p>Zum Camp 21a<\/p>\n<p>48527 Nordhorn<\/p>\n<p>Tel.. 0 172 99 44 678<\/p>\n<p>E-Mail: timo.termeer@gmail.com<\/p>\n<p>&#8212;&#8212;&#8212;&#8212;&#8212;&#8212;&#8212;&#8212;&#8212;&#8212;&#8212;&#8212;&#8212;-<\/p>\n<p>Stellvertretender Gesch\u00e4ftsf\u00fchrer:<\/p>\n<p><span style=\"color: #339966;\">Thomas Sell<\/span><\/p>\n<p>Schorffeldweg 10<\/p>\n<p>49828 Osterwald<\/p>\n<p>Tel.: 0 176 &#8211; 200 575 95<\/p>\n<p>E-mail: t.sell1980@outlook.de<\/p>\n<p>&#8212;&#8212;&#8212;&#8212;&#8212;&#8212;&#8212;&#8212;&#8212;&#8212;&#8212;&#8212;-<\/p>\n<p>Kassenwart:<\/p>\n<p><span style=\"color: #339966;\">Mario Termeer<\/span><\/p>\n<p>Deeglelder Weg 99<\/p>\n<p>48531 Nordhorn<\/p>\n<p>Telefon:(05921) 3 90 22<\/p>\n<p>&#8212;&#8212;&#8212;&#8212;&#8212;&#8212;&#8212;&#8212;&#8212;&#8212;&#8212;&#8212;&#8212;&#8211;<\/p>\n<p>Schriftf\u00fchrer:<\/p>\n<p><span style=\"color: #339966;\">Tom Sell<\/span><\/p>\n<p>H\u00fcberskamp 6<\/p>\n<p>E-Mail: tsell3176@gmail.com<\/p>\n<p>&#8212;&#8212;&#8212;&#8212;&#8212;&#8212;&#8212;&#8212;&#8212;&#8212;&#8212;&#8212;&#8212;&#8212;<\/p>\n<p>Tambourmajor:<\/p>\n<p><span style=\"color: #339966;\">Jens Kock<\/span><\/p>\n<p>Niederfeldstr.8 \u2013 48527 Nordhorn<\/p>\n<p>Tel.: 0 59 21 \u2013 85 89 79<\/p>\n<p>&nbsp;<\/p>\n<p>Bei Fragen oder Buchungen f\u00fcr Auftritte des Spielmannszug bitte \u00fcber die angegebenen Daten Kontakt aufnehmen.<\/p>\n<p>Der Spielmannszug wurde 1950 gegr\u00fcndet.<br \/>\nHeute im Jahr 2024 besteht er nun seit 74 Jahren. Die Spielleute pflegen Tradition und<br \/>\nKameradschaft, welche einen hohen Stellenwert besitzt. Ziel ist es, die Menschen mit ihrer Musik zu erfreuen.<\/p>\n<p>Die Ausbildung von Jugendlichen an den verschiedenen Instrumenten geh\u00f6rt ebenfalls zu den Aufgaben. Ferner repr\u00e4sentiert der Spielmannszug bei zahlreichen Auftritten den<br \/>\nSch\u00fctzenverein Bookholt.<\/p>\n<p>Momentan z\u00e4hlt der Spielmannszug\u00a0 38 aktive Mitglieder, sowie eine Anzahl passiver<br \/>\nMitglieder. Die Altersstruktur ist vielf\u00e4ltig aufgeteilt. Von jungen Nachwuchsspielern bis hin zu unseren \u00e4lteren Mitspielern, ist fast jedes Jahrzehnt vertreten.<\/p>\n<p><strong>UnserReportaire<\/strong><\/p>\n<p><strong>Hier unsere M\u00e4rsche, Volkst\u00fcmliche St\u00fccke.<\/strong><\/p>\n<p>Mars der Medici\u00a0\u00a0 \u2013\u00a0 Gr\u00fc\u00dfe aus Dortmund\u00a0\u00a0 \u2013\u00a0 Egerl\u00e4nder\u00a0\u00a0 \u2013\u00a0 Fesche Jugend\u00a0 \u2013\u00a0 San Carlo &#8211; Coburger\u00a0\u00a0 \u2013\u00a0 Lahrida Marsch \u00a0 \u2013\u00a0 Das Lieben bringt uns gro\u00dfe Freud` \u00a0 \u2013\u00a0 Mit Sang und Klang\u00a0 \u2013\u00a0 Regimentsgru\u00df \u2013 Bruckner Lager Marsch \u2013 Mit Spiel Voran \u2013 Yorkschein Marsch \u2013 Frei Weg &#8211; Unsere Marine\u00a0 \u2013\u00a0 Gru\u00df an Kiel\u00a0 \u2013\u00a0 Torgauer\u00a0 \u2013\u00a0 Hoch Heidecksburg\u00a0 \u2013\u00a0 Alte Kameraden &#8211; Armee Marsch 114\u00a0\u00a0 \u2013\u00a0 T\u00fcbinger Marsch\u00a0\u00a0 \u2013\u00a0 Potburri 1\u00a0 \u2013\u00a0 J\u00e4ger Potburri\u00a0\u00a0 \u2013 Karnevals Potburri \u2013\u00a0 Niedersachsen Pottburie \u2013 Anton aus Tirol Potburri\u00a0 \u2013\u00a0 Rio Potburri\u00a0\u00a0 Reveu \u2013\u00a0 Preu\u00dfens Gloria\u00a0 \u2013\u00a0 Wien bleibt Wien &#8211; Vereinslied Bookholt\u00a0 \u2013\u00a0 Konigsgr\u00e4tzer Marsch\u00a0 \u2013\u00a0 Mit Spiel voran\u00a0 \u2013\u00a0 A&amp;O Marsch\u00a0 \u2013\u00a0 Waidmanns Heil \u2013 Bookholter Sch\u00fctzengru\u00df &#8211; Pepita Marsch \u2013 J\u00e4ger aus Kurpfalz &#8211;<\/p>\n<p>&nbsp;<\/p>\n<p><strong>Ehrenmitglieder<\/strong><br \/>\nDer Spielmannszug Bookholt hat Mitglieder f\u00fcr jahrelange, aktive Mitgliedschaft sowie Menschen die den Spielmannszug Bookholt stets unterst\u00fctzt haben, zu \u201eEhrenmitgliedern\u201c ernannt:<br \/>\nJan Deelen \u2013\u00a0 Willy Termeer &#8211; Uwe Meyer &#8211; Karsten Meyer\u00a0 &#8211; Joachim Willering.<\/p>\n<p><strong>Ehrenmitglieder<\/strong>\u00a0<strong> verstorben<\/strong>: Arnold Groothues \u2013 Paul Willering \u2013 Heinrich Kr\u00fcp \u2013 Hermann M\u00fcller &#8211; Arthur Hemmer \u2013 Herbert Leuftink \u2013 Artur Olthoff \u2013 Albert Beernink, Friederich Wolf &#8211; Johann Wolf \u2013 Gerd Meyer \u2013 Bernd Bormes &#8211; Holger Albrecht<\/p>\n","protected":false},"excerpt":{"rendered":"<p>Der Vorstand setzt sich aus folgenden Spielleuten zusammen: Gesch\u00e4ftsf\u00fchrer: Timo Termeer Zum Camp 21a 48527 Nordhorn Tel.. 0 172 99 44 678 E-Mail: timo.termeer@gmail.com &#8212;&#8212;&#8212;&#8212;&#8212;&#8212;&#8212;&#8212;&#8212;&#8212;&#8212;&#8212;&#8212;- Stellvertretender Gesch\u00e4ftsf\u00fchrer: Thomas Sell Schorffeldweg 10 49828 Osterwald Tel.: 0 176 &#8211; 200 575 95 E-mail: t.sell1980@outlook.de &#8212;&#8212;&#8212;&#8212;&#8212;&#8212;&#8212;&#8212;&#8212;&#8212;&#8212;&#8212;- Kassenwart: Mario Termeer Deeglelder Weg 99 48531 Nordhorn Telefon:(05921) 3 90 22 &#8212;&#8212;&#8212;&#8212;&#8212;&#8212;&#8212;&#8212;&#8212;&#8212;&#8212;&#8212;&#8212;&#8211; Schriftf\u00fchrer: Tom Sell H\u00fcberskamp 6 E-Mail: tsell3176@gmail.com &#8212;&#8212;&#8212;&#8212;&#8212;&#8212;&#8212;&#8212;&#8212;&#8212;&#8212;&#8212;&#8212;&#8212; Tambourmajor: Jens Kock Niederfeldstr.8 \u2013 48527 Nordhorn Tel.: 0 59 21 \u2013 85 89 79 &nbsp; Bei Fragen oder Buchungen f\u00fcr Auftritte des Spielmannszug bitte \u00fcber die angegebenen Daten Kontakt aufnehmen. Der Spielmannszug wurde 1950 gegr\u00fcndet. Heute im Jahr 2024 besteht er nun seit 74 Jahren. Die Spielleute pflegen Tradition und Kameradschaft, welche einen hohen Stellenwert besitzt. Ziel ist es, die Menschen mit ihrer Musik zu erfreuen. Die Ausbildung von Jugendlichen an den verschiedenen Instrumenten geh\u00f6rt ebenfalls zu den Aufgaben. Ferner repr\u00e4sentiert der Spielmannszug bei zahlreichen Auftritten den Sch\u00fctzenverein Bookholt. Momentan z\u00e4hlt der Spielmannszug\u00a0 38 aktive Mitglieder, sowie eine Anzahl passiver Mitglieder. Die Altersstruktur ist vielf\u00e4ltig aufgeteilt. Von jungen Nachwuchsspielern bis hin zu unseren \u00e4lteren Mitspielern, ist fast jedes Jahrzehnt vertreten. UnserReportaire Hier unsere M\u00e4rsche, Volkst\u00fcmliche St\u00fccke. Mars der Medici\u00a0\u00a0 \u2013\u00a0 Gr\u00fc\u00dfe aus Dortmund\u00a0\u00a0 \u2013\u00a0 Egerl\u00e4nder\u00a0\u00a0 \u2013\u00a0 Fesche Jugend\u00a0 \u2013\u00a0 San Carlo &#8211; Coburger\u00a0\u00a0 \u2013\u00a0 Lahrida Marsch \u00a0 \u2013\u00a0 Das Lieben bringt uns gro\u00dfe Freud` \u00a0 \u2013\u00a0 Mit Sang und Klang\u00a0 \u2013\u00a0 Regimentsgru\u00df \u2013 Bruckner Lager Marsch \u2013 Mit Spiel Voran \u2013 Yorkschein Marsch \u2013 Frei Weg &#8211; Unsere Marine\u00a0 \u2013\u00a0 Gru\u00df an Kiel\u00a0 \u2013\u00a0 Torgauer\u00a0 \u2013\u00a0 Hoch Heidecksburg\u00a0 \u2013\u00a0 Alte Kameraden &#8211; Armee Marsch 114\u00a0\u00a0 \u2013\u00a0 T\u00fcbinger Marsch\u00a0\u00a0 \u2013\u00a0 Potburri 1\u00a0 \u2013\u00a0 J\u00e4ger Potburri\u00a0\u00a0 \u2013 Karnevals Potburri \u2013\u00a0 Niedersachsen Pottburie \u2013 Anton aus Tirol Potburri\u00a0 \u2013\u00a0 Rio Potburri\u00a0\u00a0 Reveu \u2013\u00a0 Preu\u00dfens Gloria\u00a0 \u2013\u00a0 Wien bleibt Wien &#8211; Vereinslied Bookholt\u00a0 \u2013\u00a0 Konigsgr\u00e4tzer Marsch\u00a0 \u2013\u00a0 Mit Spiel voran\u00a0 \u2013\u00a0 A&amp;O Marsch\u00a0 \u2013\u00a0 Waidmanns Heil \u2013 Bookholter Sch\u00fctzengru\u00df &#8211; Pepita Marsch \u2013 J\u00e4ger aus Kurpfalz &#8211; &nbsp; Ehrenmitglieder Der Spielmannszug Bookholt hat Mitglieder f\u00fcr jahrelange, aktive Mitgliedschaft sowie Menschen die den Spielmannszug Bookholt stets unterst\u00fctzt haben, zu \u201eEhrenmitgliedern\u201c ernannt: Jan Deelen \u2013\u00a0 Willy Termeer &#8211; Uwe Meyer &#8211; Karsten Meyer\u00a0 &#8211; Joachim Willering. Ehrenmitglieder\u00a0 verstorben: Arnold Groothues \u2013 Paul Willering \u2013 Heinrich Kr\u00fcp \u2013 Hermann M\u00fcller &#8211; Arthur Hemmer \u2013 Herbert Leuftink \u2013 Artur Olthoff \u2013 Albert Beernink, Friederich Wolf &#8211; Johann Wolf \u2013 Gerd Meyer \u2013 Bernd Bormes &#8211; Holger Albrecht<\/p>\n","protected":false},"author":1,"featured_media":0,"parent":0,"menu_order":0,"comment_status":"closed","ping_status":"closed","template":"","meta":{"footnotes":""},"class_list":["post-49","page","type-page","status-publish","hentry"],"_links":{"self":[{"href":"https:\/\/spielmannszug-bookholt.eu\/index.php?rest_route=\/wp\/v2\/pages\/49","targetHints":{"allow":["GET"]}}],"collection":[{"href":"https:\/\/spielmannszug-bookholt.eu\/index.php?rest_route=\/wp\/v2\/pages"}],"about":[{"href":"https:\/\/spielmannszug-bookholt.eu\/index.php?rest_route=\/wp\/v2\/types\/page"}],"author":[{"embeddable":true,"href":"https:\/\/spielmannszug-bookholt.eu\/index.php?rest_route=\/wp\/v2\/users\/1"}],"replies":[{"embeddable":true,"href":"https:\/\/spielmannszug-bookholt.eu\/index.php?rest_route=%2Fwp%2Fv2%2Fcomments&post=49"}],"version-history":[{"count":18,"href":"https:\/\/spielmannszug-bookholt.eu\/index.php?rest_route=\/wp\/v2\/pages\/49\/revisions"}],"predecessor-version":[{"id":5247,"href":"https:\/\/spielmannszug-bookholt.eu\/index.php?rest_route=\/wp\/v2\/pages\/49\/revisions\/5247"}],"wp:attachment":[{"href":"https:\/\/spielmannszug-bookholt.eu\/index.php?rest_route=%2Fwp%2Fv2%2Fmedia&parent=49"}],"curies":[{"name":"wp","href":"https:\/\/api.w.org\/{rel}","templated":true}]}}