{"id":5,"date":"2019-01-04T18:42:05","date_gmt":"2019-01-04T18:42:05","guid":{"rendered":"http:\/\/spielmannszug-bookholt.eu\/?page_id=5"},"modified":"2026-05-15T12:52:06","modified_gmt":"2026-05-15T12:52:06","slug":"home","status":"publish","type":"page","link":"https:\/\/spielmannszug-bookholt.eu\/","title":{"rendered":"Home"},"content":{"rendered":"<h2 style=\"text-align: center;\"><img fetchpriority=\"high\" decoding=\"async\" class=\"wp-image-193 aligncenter\" src=\"https:\/\/spielmannszug-bookholt.eu\/wp-content\/uploads\/2019\/01\/SPZ-logo-300x250.jpg\" alt=\"\" width=\"404\" height=\"337\" \/><\/h2>\r\n\r\n<p style=\"text-align: center;\">\u00a0<\/p>\r\n<p style=\"text-align: center;\"><strong>Willkommen auf unserer Homepage<\/strong><\/p>\r\n<p>&nbsp;<\/p>\r\n<p style=\"text-align: center;\">\u00a0<\/p>\r\n<p>&nbsp;<\/p>\r\n<h2 style=\"text-align: center;\"><img decoding=\"async\" class=\"wp-image-4383 aligncenter\" src=\"https:\/\/spielmannszug-bookholt.eu\/wp-content\/uploads\/2024\/12\/spielmannszug-1-300x145.jpg\" alt=\"\" width=\"650\" height=\"314\" srcset=\"https:\/\/spielmannszug-bookholt.eu\/wp-content\/uploads\/2024\/12\/spielmannszug-1-300x145.jpg 300w, https:\/\/spielmannszug-bookholt.eu\/wp-content\/uploads\/2024\/12\/spielmannszug-1-700x339.jpg 700w, https:\/\/spielmannszug-bookholt.eu\/wp-content\/uploads\/2024\/12\/spielmannszug-1-768x372.jpg 768w, https:\/\/spielmannszug-bookholt.eu\/wp-content\/uploads\/2024\/12\/spielmannszug-1-1536x743.jpg 1536w, https:\/\/spielmannszug-bookholt.eu\/wp-content\/uploads\/2024\/12\/spielmannszug-1-2048x991.jpg 2048w, https:\/\/spielmannszug-bookholt.eu\/wp-content\/uploads\/2024\/12\/spielmannszug-1-800x387.jpg 800w\" sizes=\"(max-width: 650px) 100vw, 650px\" \/><\/h2>\r\n<p style=\"text-align: center;\"><img decoding=\"async\" class=\"wp-image-5338 aligncenter\" src=\"https:\/\/spielmannszug-bookholt.eu\/wp-content\/uploads\/2026\/05\/1024-1441-213x300.jpg\" alt=\"\" width=\"542\" height=\"763\" srcset=\"https:\/\/spielmannszug-bookholt.eu\/wp-content\/uploads\/2026\/05\/1024-1441-213x300.jpg 213w, https:\/\/spielmannszug-bookholt.eu\/wp-content\/uploads\/2026\/05\/1024-1441-700x985.jpg 700w, https:\/\/spielmannszug-bookholt.eu\/wp-content\/uploads\/2026\/05\/1024-1441-768x1081.jpg 768w, https:\/\/spielmannszug-bookholt.eu\/wp-content\/uploads\/2026\/05\/1024-1441-100x141.jpg 100w, https:\/\/spielmannszug-bookholt.eu\/wp-content\/uploads\/2026\/05\/1024-1441.jpg 1024w\" sizes=\"(max-width: 542px) 100vw, 542px\" \/><\/p>\r\n<p>&nbsp;<\/p>\r\n<p style=\"text-align: center;\">\u00a0<\/p>\r\n<h2>\u00a0<\/h2>\r\n<p style=\"text-align: center;\">Anfragen, Anregungen oder sonstiges bitte \u00fcber den Vorstand anfragen. Diese Kontaktdaten sind unter dem Men\u00fcpunkt &#8222;<a href=\"https:\/\/spielmannszug-bookholt.eu\/?page_id=49\"><span style=\"color: #339966;\">\u00dcber uns<\/span><\/a>&#8220; zu finden.<\/p>\r\n<p style=\"text-align: center;\">\u00a0<\/p>\r\n<p style=\"text-align: center;\">\u00a0<\/p>\r\n<p>&nbsp;<\/p>\r\n<p style=\"text-align: center;\"><img loading=\"lazy\" decoding=\"async\" class=\"wp-image-4487 aligncenter\" src=\"https:\/\/spielmannszug-bookholt.eu\/wp-content\/uploads\/2025\/06\/image036-300x200.jpg\" alt=\"\" width=\"580\" height=\"386\" srcset=\"https:\/\/spielmannszug-bookholt.eu\/wp-content\/uploads\/2025\/06\/image036-300x200.jpg 300w, https:\/\/spielmannszug-bookholt.eu\/wp-content\/uploads\/2025\/06\/image036-700x467.jpg 700w, https:\/\/spielmannszug-bookholt.eu\/wp-content\/uploads\/2025\/06\/image036-768x512.jpg 768w, https:\/\/spielmannszug-bookholt.eu\/wp-content\/uploads\/2025\/06\/image036-800x533.jpg 800w, https:\/\/spielmannszug-bookholt.eu\/wp-content\/uploads\/2025\/06\/image036.jpg 1296w\" sizes=\"(max-width: 580px) 100vw, 580px\" \/><\/p>\r\n<p style=\"text-align: center;\"><img loading=\"lazy\" decoding=\"async\" class=\"wp-image-4672 aligncenter\" src=\"https:\/\/spielmannszug-bookholt.eu\/wp-content\/uploads\/2025\/07\/IMG_0819-300x200.jpg\" alt=\"\" width=\"592\" height=\"394\" srcset=\"https:\/\/spielmannszug-bookholt.eu\/wp-content\/uploads\/2025\/07\/IMG_0819-300x200.jpg 300w, https:\/\/spielmannszug-bookholt.eu\/wp-content\/uploads\/2025\/07\/IMG_0819-700x467.jpg 700w, https:\/\/spielmannszug-bookholt.eu\/wp-content\/uploads\/2025\/07\/IMG_0819-768x512.jpg 768w, https:\/\/spielmannszug-bookholt.eu\/wp-content\/uploads\/2025\/07\/IMG_0819-1536x1024.jpg 1536w, https:\/\/spielmannszug-bookholt.eu\/wp-content\/uploads\/2025\/07\/IMG_0819-2048x1365.jpg 2048w, https:\/\/spielmannszug-bookholt.eu\/wp-content\/uploads\/2025\/07\/IMG_0819-800x533.jpg 800w\" sizes=\"(max-width: 592px) 100vw, 592px\" \/><\/p>\r\n<p>&nbsp;<\/p>\r\n<p style=\"text-align: center;\"><img loading=\"lazy\" decoding=\"async\" class=\"wp-image-5266 aligncenter\" src=\"https:\/\/spielmannszug-bookholt.eu\/wp-content\/uploads\/2026\/02\/IMG_0935-300x200.jpg\" alt=\"\" width=\"596\" height=\"398\" srcset=\"https:\/\/spielmannszug-bookholt.eu\/wp-content\/uploads\/2026\/02\/IMG_0935-300x200.jpg 300w, https:\/\/spielmannszug-bookholt.eu\/wp-content\/uploads\/2026\/02\/IMG_0935-700x467.jpg 700w, https:\/\/spielmannszug-bookholt.eu\/wp-content\/uploads\/2026\/02\/IMG_0935-768x512.jpg 768w, https:\/\/spielmannszug-bookholt.eu\/wp-content\/uploads\/2026\/02\/IMG_0935-100x67.jpg 100w, https:\/\/spielmannszug-bookholt.eu\/wp-content\/uploads\/2026\/02\/IMG_0935-1536x1024.jpg 1536w, https:\/\/spielmannszug-bookholt.eu\/wp-content\/uploads\/2026\/02\/IMG_0935-2048x1365.jpg 2048w\" sizes=\"(max-width: 596px) 100vw, 596px\" \/><\/p>\r\n<p style=\"text-align: left;\">\u00a0<\/p>\r\n<p style=\"text-align: center;\"><a href=\"https:\/\/www.facebook.com\/people\/Spielmannszug-Bookholt\/61550481365506\/\"><img loading=\"lazy\" decoding=\"async\" class=\"wp-image-4239 aligncenter\" src=\"https:\/\/spielmannszug-bookholt.eu\/wp-content\/uploads\/2024\/06\/Unbenannt-1-300x300.jpg\" alt=\"\" width=\"141\" height=\"141\" srcset=\"https:\/\/spielmannszug-bookholt.eu\/wp-content\/uploads\/2024\/06\/Unbenannt-1-300x300.jpg 300w, https:\/\/spielmannszug-bookholt.eu\/wp-content\/uploads\/2024\/06\/Unbenannt-1-700x700.jpg 700w, https:\/\/spielmannszug-bookholt.eu\/wp-content\/uploads\/2024\/06\/Unbenannt-1-150x150.jpg 150w, https:\/\/spielmannszug-bookholt.eu\/wp-content\/uploads\/2024\/06\/Unbenannt-1-768x768.jpg 768w, https:\/\/spielmannszug-bookholt.eu\/wp-content\/uploads\/2024\/06\/Unbenannt-1-1536x1536.jpg 1536w, https:\/\/spielmannszug-bookholt.eu\/wp-content\/uploads\/2024\/06\/Unbenannt-1-2048x2048.jpg 2048w, https:\/\/spielmannszug-bookholt.eu\/wp-content\/uploads\/2024\/06\/Unbenannt-1-800x800.jpg 800w\" sizes=\"(max-width: 141px) 100vw, 141px\" \/><\/a><\/p>\r\n<p style=\"text-align: center;\"><a href=\"https:\/\/www.facebook.com\/profile.php?id=61550481365506\">Wir sind auch bei Facebook vertreten.<\/a><\/p>\r\n<p style=\"text-align: center;\"><strong>Unsere Sponsoren<\/strong><\/p>\r\n<p style=\"text-align: center;\"><a href=\"https:\/\/marschler.eu\/\"><img loading=\"lazy\" decoding=\"async\" class=\"size-medium wp-image-93 aligncenter\" src=\"https:\/\/spielmannszug-bookholt.eu\/wp-content\/uploads\/2019\/01\/Bild-f\u00fcr-startseite-768x432-300x169.jpg\" alt=\"\" width=\"300\" height=\"169\" srcset=\"https:\/\/spielmannszug-bookholt.eu\/wp-content\/uploads\/2019\/01\/Bild-f\u00fcr-startseite-768x432-300x169.jpg 300w, https:\/\/spielmannszug-bookholt.eu\/wp-content\/uploads\/2019\/01\/Bild-f\u00fcr-startseite-768x432.jpg 768w, https:\/\/spielmannszug-bookholt.eu\/wp-content\/uploads\/2019\/01\/Bild-f\u00fcr-startseite-768x432-700x394.jpg 700w\" sizes=\"(max-width: 300px) 100vw, 300px\" \/><\/a><a href=\"https:\/\/marschler.eu\/\">Firma Marschler Metall &amp; Entw\u00e4sserungstechnik<\/a><\/p>\r\n<p>&nbsp;<\/p>\r\n<p style=\"text-align: center;\"><img loading=\"lazy\" decoding=\"async\" class=\"size-medium wp-image-4032 aligncenter\" src=\"https:\/\/spielmannszug-bookholt.eu\/wp-content\/uploads\/2024\/03\/Niers-LOGO-HOMEPAGE-300x161.jpg\" alt=\"\" width=\"300\" height=\"161\" srcset=\"https:\/\/spielmannszug-bookholt.eu\/wp-content\/uploads\/2024\/03\/Niers-LOGO-HOMEPAGE-300x161.jpg 300w, https:\/\/spielmannszug-bookholt.eu\/wp-content\/uploads\/2024\/03\/Niers-LOGO-HOMEPAGE-700x376.jpg 700w, https:\/\/spielmannszug-bookholt.eu\/wp-content\/uploads\/2024\/03\/Niers-LOGO-HOMEPAGE-768x412.jpg 768w, https:\/\/spielmannszug-bookholt.eu\/wp-content\/uploads\/2024\/03\/Niers-LOGO-HOMEPAGE-1536x824.jpg 1536w, https:\/\/spielmannszug-bookholt.eu\/wp-content\/uploads\/2024\/03\/Niers-LOGO-HOMEPAGE-800x429.jpg 800w, https:\/\/spielmannszug-bookholt.eu\/wp-content\/uploads\/2024\/03\/Niers-LOGO-HOMEPAGE.jpg 1934w\" sizes=\"(max-width: 300px) 100vw, 300px\" \/><\/p>\r\n<p style=\"text-align: center;\"><a href=\"https:\/\/www.niers-fensterbau.de\/\">Firma Niers Rollladen &amp; Fensterbau<\/a><\/p>\r\n<p style=\"text-align: center;\">\u00a0<\/p>\r\n<p style=\"text-align: center;\">\u00a0<\/p>\r\n<h3 style=\"text-align: center;\"><a href=\"http:\/\/www.grafschafter-autozentrale.de\/\"><img loading=\"lazy\" decoding=\"async\" class=\"aligncenter wp-image-98\" src=\"https:\/\/spielmannszug-bookholt.eu\/wp-content\/uploads\/2019\/01\/logo-kr\u00fcp-300x67.jpg\" alt=\"\" width=\"466\" height=\"104\" srcset=\"https:\/\/spielmannszug-bookholt.eu\/wp-content\/uploads\/2019\/01\/logo-kr\u00fcp-300x67.jpg 300w, https:\/\/spielmannszug-bookholt.eu\/wp-content\/uploads\/2019\/01\/logo-kr\u00fcp.jpg 445w\" sizes=\"(max-width: 466px) 100vw, 466px\" \/><\/a><\/h3>\r\n<h1 style=\"text-align: center;\"><strong>Firma Kr\u00fcp GmbH<\/strong><\/h1>\r\n<p style=\"text-align: center;\"><strong>Bitte ber\u00fccksichtigen sie unsere Sponsoren bei ihren Eink\u00e4ufen oder Dienstleistungen!<\/strong><\/p>\r\n<p>&nbsp;<\/p>\r\n<p style=\"text-align: center;\">\u00a0<\/p>\r\n<p style=\"text-align: center;\"><strong>Copyright Spielmannszug Bookholt 2025<\/strong><\/p>\r\n","protected":false},"excerpt":{"rendered":"<p>\u00a0 Willkommen auf unserer Homepage &nbsp; \u00a0 &nbsp; &nbsp; \u00a0 \u00a0 Anfragen, Anregungen oder sonstiges bitte \u00fcber den Vorstand anfragen. Diese Kontaktdaten sind unter dem Men\u00fcpunkt &#8222;\u00dcber uns&#8220; zu finden. \u00a0 \u00a0 &nbsp; &nbsp; \u00a0 Wir sind auch bei Facebook vertreten. Unsere Sponsoren Firma Marschler Metall &amp; Entw\u00e4sserungstechnik &nbsp; Firma Niers Rollladen &amp; Fensterbau \u00a0 \u00a0 Firma Kr\u00fcp GmbH Bitte ber\u00fccksichtigen sie unsere Sponsoren bei ihren Eink\u00e4ufen oder Dienstleistungen! &nbsp; \u00a0 Copyright Spielmannszug Bookholt 2025<\/p>\n","protected":false},"author":1,"featured_media":0,"parent":0,"menu_order":0,"comment_status":"closed","ping_status":"closed","template":"","meta":{"footnotes":""},"class_list":["post-5","page","type-page","status-publish","hentry"],"_links":{"self":[{"href":"https:\/\/spielmannszug-bookholt.eu\/index.php?rest_route=\/wp\/v2\/pages\/5","targetHints":{"allow":["GET"]}}],"collection":[{"href":"https:\/\/spielmannszug-bookholt.eu\/index.php?rest_route=\/wp\/v2\/pages"}],"about":[{"href":"https:\/\/spielmannszug-bookholt.eu\/index.php?rest_route=\/wp\/v2\/types\/page"}],"author":[{"embeddable":true,"href":"https:\/\/spielmannszug-bookholt.eu\/index.php?rest_route=\/wp\/v2\/users\/1"}],"replies":[{"embeddable":true,"href":"https:\/\/spielmannszug-bookholt.eu\/index.php?rest_route=%2Fwp%2Fv2%2Fcomments&post=5"}],"version-history":[{"count":256,"href":"https:\/\/spielmannszug-bookholt.eu\/index.php?rest_route=\/wp\/v2\/pages\/5\/revisions"}],"predecessor-version":[{"id":5339,"href":"https:\/\/spielmannszug-bookholt.eu\/index.php?rest_route=\/wp\/v2\/pages\/5\/revisions\/5339"}],"wp:attachment":[{"href":"https:\/\/spielmannszug-bookholt.eu\/index.php?rest_route=%2Fwp%2Fv2%2Fmedia&parent=5"}],"curies":[{"name":"wp","href":"https:\/\/api.w.org\/{rel}","templated":true}]}}