{"id":942,"date":"2019-01-06T15:08:29","date_gmt":"2019-01-06T15:08:29","guid":{"rendered":"https:\/\/spielmannszug-bookholt.eu\/?page_id=942"},"modified":"2025-01-16T10:06:26","modified_gmt":"2025-01-16T10:06:26","slug":"jugend","status":"publish","type":"page","link":"https:\/\/spielmannszug-bookholt.eu\/?page_id=942","title":{"rendered":"Jugend"},"content":{"rendered":"<p>Jugendarbeit ist im Spielmannszug ein gro\u00dfes Thema. Gerade in Zeiten wo es ein riesiges Angebot an Freizeitaktivit\u00e4ten gibt, ist es schwierig jugendliche f\u00fcr einen Spielmannszug zu begeistern.<\/p>\n<p>Momentan befinden sich Jungen und M\u00e4dchen in der Ausbildung an verschiedenen Instrumenten.<\/p>\n<p>Wir bieten den Jugendlichen eine kostenlose Ausbildung sowie kostenlose Instrumente und Kleidung an.<\/p>\n<p>Erste Erfolge der Nachwuchsarbeit tragen bereits Fr\u00fcchte. Aber auch sonst bieten wir dem Nachwuchs einiges. Wenn Ihr neugierig seid, schaut doch einfach zu den \u00dcbungsstunden vorbei.<\/p>\n<p>Wir freuen uns auf Euch!<\/p>\n<p>&nbsp;<\/p>\n<p>&nbsp;<\/p>\n\n<table id=\"tablepress-4\" class=\"tablepress tablepress-id-4\">\n<thead>\n<tr class=\"row-1\">\n\t<th class=\"column-1\"><img fetchpriority=\"high\" decoding=\"async\" src=\"https:\/\/spielmannszug-bookholt.eu\/wp-content\/uploads\/2023\/07\/7-300x225.jpg\" alt=\"\" width=\"300\" height=\"225\" class=\"alignnone size-medium wp-image-3966\" srcset=\"https:\/\/spielmannszug-bookholt.eu\/wp-content\/uploads\/2023\/07\/7-300x225.jpg 300w, https:\/\/spielmannszug-bookholt.eu\/wp-content\/uploads\/2023\/07\/7-700x525.jpg 700w, https:\/\/spielmannszug-bookholt.eu\/wp-content\/uploads\/2023\/07\/7-768x576.jpg 768w, https:\/\/spielmannszug-bookholt.eu\/wp-content\/uploads\/2023\/07\/7-1536x1152.jpg 1536w, https:\/\/spielmannszug-bookholt.eu\/wp-content\/uploads\/2023\/07\/7-800x600.jpg 800w, https:\/\/spielmannszug-bookholt.eu\/wp-content\/uploads\/2023\/07\/7-80x60.jpg 80w, https:\/\/spielmannszug-bookholt.eu\/wp-content\/uploads\/2023\/07\/7.jpg 1600w\" sizes=\"(max-width: 300px) 100vw, 300px\" \/><\/th><th class=\"column-2\"><img decoding=\"async\" src=\"https:\/\/spielmannszug-bookholt.eu\/wp-content\/uploads\/2023\/06\/IMG_9927-300x200.jpg\" alt=\"\" width=\"300\" height=\"200\" class=\"alignnone size-medium wp-image-3957\" srcset=\"https:\/\/spielmannszug-bookholt.eu\/wp-content\/uploads\/2023\/06\/IMG_9927-300x200.jpg 300w, https:\/\/spielmannszug-bookholt.eu\/wp-content\/uploads\/2023\/06\/IMG_9927.jpg 600w\" sizes=\"(max-width: 300px) 100vw, 300px\" \/><\/th>\n<\/tr>\n<\/thead>\n<tbody class=\"row-striping row-hover\">\n<tr class=\"row-2\">\n\t<td class=\"column-1\"><img decoding=\"async\" src=\"https:\/\/spielmannszug-bookholt.eu\/wp-content\/uploads\/2022\/07\/image098-300x200.jpg\" alt=\"\" width=\"300\" height=\"200\" class=\"alignnone size-medium wp-image-2722\" srcset=\"https:\/\/spielmannszug-bookholt.eu\/wp-content\/uploads\/2022\/07\/image098-300x200.jpg 300w, https:\/\/spielmannszug-bookholt.eu\/wp-content\/uploads\/2022\/07\/image098-700x467.jpg 700w, https:\/\/spielmannszug-bookholt.eu\/wp-content\/uploads\/2022\/07\/image098-768x512.jpg 768w, https:\/\/spielmannszug-bookholt.eu\/wp-content\/uploads\/2022\/07\/image098-1140x760.jpg 1140w, https:\/\/spielmannszug-bookholt.eu\/wp-content\/uploads\/2022\/07\/image098-600x400.jpg 600w, https:\/\/spielmannszug-bookholt.eu\/wp-content\/uploads\/2022\/07\/image098.jpg 1296w\" sizes=\"(max-width: 300px) 100vw, 300px\" \/><\/td><td class=\"column-2\"><img loading=\"lazy\" decoding=\"async\" src=\"https:\/\/spielmannszug-bookholt.eu\/wp-content\/uploads\/2022\/07\/35134532-04ed-4862-9de1-078ad4cdd53a-1-300x225.jpg\" alt=\"\" width=\"300\" height=\"225\" class=\"alignnone size-medium wp-image-2679\" srcset=\"https:\/\/spielmannszug-bookholt.eu\/wp-content\/uploads\/2022\/07\/35134532-04ed-4862-9de1-078ad4cdd53a-1-300x225.jpg 300w, https:\/\/spielmannszug-bookholt.eu\/wp-content\/uploads\/2022\/07\/35134532-04ed-4862-9de1-078ad4cdd53a-1-700x525.jpg 700w, https:\/\/spielmannszug-bookholt.eu\/wp-content\/uploads\/2022\/07\/35134532-04ed-4862-9de1-078ad4cdd53a-1-768x576.jpg 768w, https:\/\/spielmannszug-bookholt.eu\/wp-content\/uploads\/2022\/07\/35134532-04ed-4862-9de1-078ad4cdd53a-1-1536x1152.jpg 1536w, https:\/\/spielmannszug-bookholt.eu\/wp-content\/uploads\/2022\/07\/35134532-04ed-4862-9de1-078ad4cdd53a-1-1140x855.jpg 1140w, https:\/\/spielmannszug-bookholt.eu\/wp-content\/uploads\/2022\/07\/35134532-04ed-4862-9de1-078ad4cdd53a-1.jpg 1600w\" sizes=\"(max-width: 300px) 100vw, 300px\" \/><\/td>\n<\/tr>\n<tr class=\"row-3\">\n\t<td class=\"column-1\"><img loading=\"lazy\" decoding=\"async\" src=\"https:\/\/spielmannszug-bookholt.eu\/wp-content\/uploads\/2020\/07\/IMG_20200701_182258-300x225.jpg\" alt=\"\" width=\"300\" height=\"225\" class=\"alignnone size-medium wp-image-1963\" \/><\/td><td class=\"column-2\"><img loading=\"lazy\" decoding=\"async\" src=\"https:\/\/spielmannszug-bookholt.eu\/wp-content\/uploads\/2019\/06\/image062-1-300x200.jpg\" alt=\"\" width=\"300\" height=\"200\" class=\"alignnone size-medium wp-image-1416\" srcset=\"https:\/\/spielmannszug-bookholt.eu\/wp-content\/uploads\/2019\/06\/image062-1-300x200.jpg 300w, https:\/\/spielmannszug-bookholt.eu\/wp-content\/uploads\/2019\/06\/image062-1-768x512.jpg 768w, https:\/\/spielmannszug-bookholt.eu\/wp-content\/uploads\/2019\/06\/image062-1-700x467.jpg 700w, https:\/\/spielmannszug-bookholt.eu\/wp-content\/uploads\/2019\/06\/image062-1-800x533.jpg 800w, https:\/\/spielmannszug-bookholt.eu\/wp-content\/uploads\/2019\/06\/image062-1-600x400.jpg 600w, https:\/\/spielmannszug-bookholt.eu\/wp-content\/uploads\/2019\/06\/image062-1.jpg 972w\" sizes=\"(max-width: 300px) 100vw, 300px\" \/><\/td>\n<\/tr>\n<tr class=\"row-4\">\n\t<td class=\"column-1\"><img loading=\"lazy\" decoding=\"async\" src=\"https:\/\/spielmannszug-bookholt.eu\/wp-content\/uploads\/2019\/01\/IMG_8119-1-300x200.jpg\" alt=\"\" width=\"300\" height=\"200\" class=\"alignnone size-medium wp-image-948\" srcset=\"https:\/\/spielmannszug-bookholt.eu\/wp-content\/uploads\/2019\/01\/IMG_8119-1-300x200.jpg 300w, https:\/\/spielmannszug-bookholt.eu\/wp-content\/uploads\/2019\/01\/IMG_8119-1-768x512.jpg 768w, https:\/\/spielmannszug-bookholt.eu\/wp-content\/uploads\/2019\/01\/IMG_8119-1-700x467.jpg 700w, https:\/\/spielmannszug-bookholt.eu\/wp-content\/uploads\/2019\/01\/IMG_8119-1-800x533.jpg 800w, https:\/\/spielmannszug-bookholt.eu\/wp-content\/uploads\/2019\/01\/IMG_8119-1.jpg 972w\" sizes=\"(max-width: 300px) 100vw, 300px\" \/><\/td><td class=\"column-2\"><img loading=\"lazy\" decoding=\"async\" src=\"https:\/\/spielmannszug-bookholt.eu\/wp-content\/uploads\/2019\/01\/Altendorf-2017-300x200.jpg\" alt=\"\" width=\"300\" height=\"200\" class=\"alignnone size-medium wp-image-945\" srcset=\"https:\/\/spielmannszug-bookholt.eu\/wp-content\/uploads\/2019\/01\/Altendorf-2017-300x200.jpg 300w, https:\/\/spielmannszug-bookholt.eu\/wp-content\/uploads\/2019\/01\/Altendorf-2017.jpg 400w\" sizes=\"(max-width: 300px) 100vw, 300px\" \/><\/td>\n<\/tr>\n<tr class=\"row-5\">\n\t<td class=\"column-1\"><\/td><td class=\"column-2\"><\/td>\n<\/tr>\n<\/tbody>\n<\/table>\n<!-- #tablepress-4 from cache -->\n<p>&nbsp;<\/p>\n<p>&nbsp;<\/p>\n<p><a href=\"https:\/\/spielmannszug-bookholt.eu\/wp-content\/uploads\/2019\/01\/flyer-spz-2018.pdf\">PDF Flyer<\/a><\/p>\n<p>&nbsp;<\/p>\n","protected":false},"excerpt":{"rendered":"<p>Jugendarbeit ist im Spielmannszug ein gro\u00dfes Thema. Gerade in Zeiten wo es ein riesiges Angebot an Freizeitaktivit\u00e4ten gibt, ist es schwierig jugendliche f\u00fcr einen Spielmannszug zu begeistern. Momentan befinden sich Jungen und M\u00e4dchen in der Ausbildung an verschiedenen Instrumenten. Wir bieten den Jugendlichen eine kostenlose Ausbildung sowie kostenlose Instrumente und Kleidung an. Erste Erfolge der Nachwuchsarbeit tragen bereits Fr\u00fcchte. Aber auch sonst bieten wir dem Nachwuchs einiges. Wenn Ihr neugierig seid, schaut doch einfach zu den \u00dcbungsstunden vorbei. Wir freuen uns auf Euch! &nbsp; &nbsp; &nbsp; &nbsp; PDF Flyer &nbsp;<\/p>\n","protected":false},"author":1,"featured_media":0,"parent":0,"menu_order":0,"comment_status":"closed","ping_status":"closed","template":"","meta":{"footnotes":""},"class_list":["post-942","page","type-page","status-publish","hentry"],"_links":{"self":[{"href":"https:\/\/spielmannszug-bookholt.eu\/index.php?rest_route=\/wp\/v2\/pages\/942","targetHints":{"allow":["GET"]}}],"collection":[{"href":"https:\/\/spielmannszug-bookholt.eu\/index.php?rest_route=\/wp\/v2\/pages"}],"about":[{"href":"https:\/\/spielmannszug-bookholt.eu\/index.php?rest_route=\/wp\/v2\/types\/page"}],"author":[{"embeddable":true,"href":"https:\/\/spielmannszug-bookholt.eu\/index.php?rest_route=\/wp\/v2\/users\/1"}],"replies":[{"embeddable":true,"href":"https:\/\/spielmannszug-bookholt.eu\/index.php?rest_route=%2Fwp%2Fv2%2Fcomments&post=942"}],"version-history":[{"count":10,"href":"https:\/\/spielmannszug-bookholt.eu\/index.php?rest_route=\/wp\/v2\/pages\/942\/revisions"}],"predecessor-version":[{"id":4394,"href":"https:\/\/spielmannszug-bookholt.eu\/index.php?rest_route=\/wp\/v2\/pages\/942\/revisions\/4394"}],"wp:attachment":[{"href":"https:\/\/spielmannszug-bookholt.eu\/index.php?rest_route=%2Fwp%2Fv2%2Fmedia&parent=942"}],"curies":[{"name":"wp","href":"https:\/\/api.w.org\/{rel}","templated":true}]}}